{"id":93,"date":"2023-03-24T12:36:23","date_gmt":"2023-03-24T12:36:23","guid":{"rendered":"https:\/\/clinpharmacolgroup.es\/careintrials\/?page_id=93"},"modified":"2023-03-24T12:37:54","modified_gmt":"2023-03-24T12:37:54","slug":"aviso-legal","status":"publish","type":"page","link":"https:\/\/clinpharmacolgroup.es\/careintrials\/index.php\/aviso-legal\/","title":{"rendered":"Aviso Legal"},"content":{"rendered":"<p>[et_pb_section fb_built=&#8221;1&#8243; admin_label=&#8221;Header&#8221; _builder_version=&#8221;4.20.2&#8243; _module_preset=&#8221;default&#8221; background_color=&#8221;#01012C&#8221; use_background_color_gradient=&#8221;on&#8221; background_color_gradient_direction=&#8221;107deg&#8221; background_color_gradient_stops=&#8221;#0f002d 0%|#1b69ad 100%&#8221; background_enable_image=&#8221;off&#8221; parallax=&#8221;on&#8221; custom_margin=&#8221;||||false|false&#8221; custom_padding=&#8221;||0px||false|false&#8221; hover_enabled=&#8221;0&#8243; locked=&#8221;off&#8221; global_colors_info=&#8221;{}&#8221; theme_builder_area=&#8221;post_content&#8221; sticky_enabled=&#8221;0&#8243;][et_pb_row _builder_version=&#8221;4.20.2&#8243; _module_preset=&#8221;default&#8221; hover_enabled=&#8221;0&#8243; global_colors_info=&#8221;{}&#8221; theme_builder_area=&#8221;post_content&#8221; sticky_enabled=&#8221;0&#8243; custom_padding=&#8221;||50px||false|false&#8221;][et_pb_column type=&#8221;4_4&#8243; _builder_version=&#8221;4.20.2&#8243; _module_preset=&#8221;default&#8221; custom_padding=&#8221;||||false|false&#8221; custom_padding_tablet=&#8221;||0px||false|false&#8221; custom_padding_phone=&#8221;||0px||false|false&#8221; custom_padding_last_edited=&#8221;on|tablet&#8221; hover_enabled=&#8221;0&#8243; global_colors_info=&#8221;{}&#8221; theme_builder_area=&#8221;post_content&#8221; sticky_enabled=&#8221;0&#8243;][et_pb_text _builder_version=&#8221;4.20.2&#8243; _module_preset=&#8221;e864d11f-3dab-4fa3-ac06-4f0e1a260807&#8243; header_font=&#8221;Barlow Condensed|500|||||||&#8221; header_text_color=&#8221;#FFFFFF&#8221; header_font_size=&#8221;140px&#8221; custom_margin=&#8221;||1px||false|false&#8221; hover_enabled=&#8221;0&#8243; header_font_size_tablet=&#8221;42px&#8221; header_font_size_phone=&#8221;26px&#8221; header_font_size_last_edited=&#8221;on|tablet&#8221; global_colors_info=&#8221;{}&#8221; theme_builder_area=&#8221;post_content&#8221; sticky_enabled=&#8221;0&#8243;]<\/p>\n<h1><span>Legal Advice<\/span><\/h1>\n<p>[\/et_pb_text][\/et_pb_column][\/et_pb_row][\/et_pb_section][et_pb_section fb_built=&#8221;1&#8243; theme_builder_area=&#8221;post_content&#8221; _builder_version=&#8221;4.20.2&#8243; _module_preset=&#8221;default&#8221;][et_pb_row _builder_version=&#8221;4.20.2&#8243; _module_preset=&#8221;default&#8221; theme_builder_area=&#8221;post_content&#8221;][et_pb_column _builder_version=&#8221;4.20.2&#8243; _module_preset=&#8221;default&#8221; type=&#8221;4_4&#8243; theme_builder_area=&#8221;post_content&#8221;][et_pb_text _builder_version=&#8221;4.20.2&#8243; _module_preset=&#8221;default&#8221; theme_builder_area=&#8221;post_content&#8221; hover_enabled=&#8221;0&#8243; sticky_enabled=&#8221;0&#8243;]<\/p>\n<h2><strong>Actualizaci\u00f3n de la informaci\u00f3n y contenido<\/strong><\/h2>\n<p>Este Portal ha sido creado por el \u00f3rgano de gesti\u00f3n de CareInTrials con car\u00e1cter informativo general y para uso personal.<\/p>\n<p>CareInTrials tiene su domicilio en Paseo de la Castellana,261,\u00a0 28046 Madrid<\/p>\n<p>La informaci\u00f3n que aparece en este Portal es la vigente en la fecha de su publicaci\u00f3n. No debe entenderse necesariamente como informaci\u00f3n exhaustiva, completa o exacta. CareInTrials se reserva el derecho a actualizar y efectuar, en cualquier momento, cuantos cambios y\/o mejoras estime convenientes, as\u00ed como a eliminar total o parcialmente la informaci\u00f3n.<\/p>\n<p>No se incluye ninguna informaci\u00f3n de car\u00e1cter personal a disposici\u00f3n del usuario. El acceso a este Portal es responsabilidad exclusiva de los usuarios. El simple acceso no supone entablar ning\u00fan tipo de relaci\u00f3n de car\u00e1cter comercial o de ning\u00fan otro tipo, entre la Plataforma y el usuario. Ninguna informaci\u00f3n proporcionada en este Portal se puede alterar, modificar, reproducir, publicar o cualquier otra manera o forma sin el consentimiento anteriormente escrito de CareInTrials.<\/p>\n<p>CareInTrials no garantiza ni se responsabiliza de las consecuencias que pudieran derivarse de los posibles errores en los contenidos que pudieran aparecer en este Portal. En ning\u00fan caso CareInTrials ser\u00e1 responsable por ning\u00fan da\u00f1o especial, indirecto o consecuencial ni por ning\u00fan otro, que pudiera derivarse en relaci\u00f3n con el uso o utilizaci\u00f3n de informaci\u00f3n disponible en este Portal.<\/p>\n<p>CareInTrials realiza los m\u00e1ximos esfuerzos para evitar cualquier error en los contenidos que pudieran aparecer en este Portal. En caso de detectar alg\u00fan error en esta p\u00e1gina le rogamos sea notificado a trav\u00e9s de la direcci\u00f3n de correo electr\u00f3nico mariacristina.murano@idipaz.es<\/p>\n<h2><strong>Navegaci\u00f3n acceso y seguridad<\/strong><\/h2>\n<p>El acceso y navegaci\u00f3n del Portal supone aceptar y conocer las advertencias legales, condiciones y t\u00e9rminos de uso contenidas en \u00e9l. CareInTrials realiza los m\u00e1ximos esfuerzos para ofrecer la navegaci\u00f3n en las mejores condiciones y evitar los perjuicios que pudiesen ocasionarse durante la misma.<\/p>\n<p>Este Portal ha sido dise\u00f1ado para soportar los navegadores Internet Explorer 10 y superiores, Mozilla Firefox y Google Chrome. CareInTrials no se hace responsable de los perjuicios, de cualquier naturaleza, que pudieran ocasionarse a los usuarios por la utilizaci\u00f3n de otros navegadores o versiones para los que ha sido dise\u00f1ado este Portal.<\/p>\n<h2><strong>Propiedad intelectual<\/strong><\/h2>\n<p>El nombre comercial, la marca y logo que aparecen en este Portal se encuentran protegidos por la leyes de Propiedad Intelectual. Los derechos de propiedad intelectual de este Portal, su dise\u00f1o y sus contenidos, son titularidad de CareInTrials, salvo expresa identificaci\u00f3n de una titularidad diferente, y est\u00e1n protegidos por la legislaci\u00f3n vigente sobre propiedad intelectual. Las fotograf\u00edas no son de uso libre.<\/p>\n<p>CareInTrialsse reserva la posibilidad de ejercer las acciones legales que correspondan contra los usuarios que violen o infrinjan los derechos de propiedad intelectual.<\/p>\n<p><strong>Actualizado en Marzo 2023<\/strong><\/p>\n<p>[\/et_pb_text][\/et_pb_column][\/et_pb_row][\/et_pb_section][et_pb_section fb_built=&#8221;1&#8243; admin_label=&#8221;Feature&#8221; _builder_version=&#8221;4.16&#8243; _module_preset=&#8221;default&#8221; background_image=&#8221;https:\/\/clinpharmacolgroup.es\/careintrials\/wp-content\/uploads\/2023\/02\/ai-011-scaled-1.jpg&#8221; background_size=&#8221;initial&#8221; background_position=&#8221;bottom_center&#8221; custom_padding=&#8221;0px||||false|false&#8221; background_last_edited=&#8221;on|tablet&#8221; background_size_tablet=&#8221;contain&#8221; locked=&#8221;off&#8221; global_colors_info=&#8221;{}&#8221; theme_builder_area=&#8221;post_content&#8221;][\/et_pb_section][et_pb_section fb_built=&#8221;1&#8243; _builder_version=&#8221;4.19.5&#8243; _module_preset=&#8221;default&#8221; min_height=&#8221;50px&#8221; height=&#8221;134px&#8221; global_colors_info=&#8221;{}&#8221; theme_builder_area=&#8221;post_content&#8221;][et_pb_row column_structure=&#8221;1_6,1_6,1_6,1_6,1_6,1_6&#8243; _builder_version=&#8221;4.19.4&#8243; _module_preset=&#8221;default&#8221; custom_padding=&#8221;0px||0px|||&#8221; global_colors_info=&#8221;{}&#8221; theme_builder_area=&#8221;post_content&#8221;][et_pb_column type=&#8221;1_6&#8243; _builder_version=&#8221;4.19.4&#8243; _module_preset=&#8221;default&#8221; global_colors_info=&#8221;{}&#8221; theme_builder_area=&#8221;post_content&#8221;][et_pb_image src=&#8221;https:\/\/clinpharmacolgroup.es\/careintrials\/wp-content\/uploads\/2023\/02\/LogoIdiPAZ-1a.jpg&#8221; title_text=&#8221;LogoIdiPAZ-1a&#8221; _builder_version=&#8221;4.19.4&#8243; _module_preset=&#8221;default&#8221; global_colors_info=&#8221;{}&#8221; theme_builder_area=&#8221;post_content&#8221;][\/et_pb_image][\/et_pb_column][et_pb_column type=&#8221;1_6&#8243; _builder_version=&#8221;4.19.4&#8243; _module_preset=&#8221;default&#8221; global_colors_info=&#8221;{}&#8221; theme_builder_area=&#8221;post_content&#8221;][et_pb_image src=&#8221;https:\/\/clinpharmacolgroup.es\/careintrials\/wp-content\/uploads\/2023\/02\/hospital-8.png&#8221; title_text=&#8221;hospital-8&#8243; _builder_version=&#8221;4.19.5&#8243; _module_preset=&#8221;default&#8221; width=&#8221;200%&#8221; global_colors_info=&#8221;{}&#8221; theme_builder_area=&#8221;post_content&#8221;][\/et_pb_image][\/et_pb_column][et_pb_column type=&#8221;1_6&#8243; _builder_version=&#8221;4.19.4&#8243; _module_preset=&#8221;default&#8221; global_colors_info=&#8221;{}&#8221; theme_builder_area=&#8221;post_content&#8221;][\/et_pb_column][et_pb_column type=&#8221;1_6&#8243; _builder_version=&#8221;4.19.4&#8243; _module_preset=&#8221;default&#8221; global_colors_info=&#8221;{}&#8221; theme_builder_area=&#8221;post_content&#8221;][et_pb_image src=&#8221;https:\/\/clinpharmacolgroup.es\/careintrials\/wp-content\/uploads\/2023\/02\/cnrs-8.png&#8221; title_text=&#8221;cnrs-8&#8243; _builder_version=&#8221;4.19.5&#8243; _module_preset=&#8221;default&#8221; global_colors_info=&#8221;{}&#8221; theme_builder_area=&#8221;post_content&#8221;][\/et_pb_image][\/et_pb_column][et_pb_column type=&#8221;1_6&#8243; _builder_version=&#8221;4.19.4&#8243; _module_preset=&#8221;default&#8221; global_colors_info=&#8221;{}&#8221; theme_builder_area=&#8221;post_content&#8221;][et_pb_image src=&#8221;https:\/\/clinpharmacolgroup.es\/careintrials\/wp-content\/uploads\/2023\/02\/U-8.png&#8221; title_text=&#8221;U-8&#8243; _builder_version=&#8221;4.19.5&#8243; _module_preset=&#8221;default&#8221; global_colors_info=&#8221;{}&#8221; theme_builder_area=&#8221;post_content&#8221;][\/et_pb_image][\/et_pb_column][et_pb_column type=&#8221;1_6&#8243; _builder_version=&#8221;4.19.4&#8243; _module_preset=&#8221;default&#8221; global_colors_info=&#8221;{}&#8221; theme_builder_area=&#8221;post_content&#8221;][et_pb_image src=&#8221;https:\/\/clinpharmacolgroup.es\/careintrials\/wp-content\/uploads\/2023\/02\/SPHERE-8.png&#8221; title_text=&#8221;SPHERE-8&#8243; _builder_version=&#8221;4.19.5&#8243; _module_preset=&#8221;default&#8221; global_colors_info=&#8221;{}&#8221; theme_builder_area=&#8221;post_content&#8221;][\/et_pb_image][\/et_pb_column][\/et_pb_row][\/et_pb_section][et_pb_section fb_built=&#8221;1&#8243; admin_label=&#8221;Footer&#8221; _builder_version=&#8221;4.16&#8243; _module_preset=&#8221;default&#8221; background_color=&#8221;#01012C&#8221; global_module=&#8221;33&#8243; saved_tabs=&#8221;all&#8221; global_colors_info=&#8221;{}&#8221; theme_builder_area=&#8221;post_content&#8221;][et_pb_row column_structure=&#8221;1_3,1_3,1_3&#8243; _builder_version=&#8221;4.16&#8243; _module_preset=&#8221;default&#8221; global_colors_info=&#8221;{}&#8221; theme_builder_area=&#8221;post_content&#8221;][et_pb_column type=&#8221;1_3&#8243; _builder_version=&#8221;4.16&#8243; _module_preset=&#8221;default&#8221; global_colors_info=&#8221;{}&#8221; theme_builder_area=&#8221;post_content&#8221;][et_pb_image src=&#8221;https:\/\/clinpharmacolgroup.es\/careintrials\/wp-content\/uploads\/2023\/02\/careWhit-8.png&#8221; title_text=&#8221;careWhit-8&#8243; _builder_version=&#8221;4.19.5&#8243; _module_preset=&#8221;default&#8221; width=&#8221;120%&#8221; custom_margin=&#8221;||0px||false|false&#8221; global_colors_info=&#8221;{}&#8221; theme_builder_area=&#8221;post_content&#8221;][\/et_pb_image][et_pb_image src=&#8221;https:\/\/clinpharmacolgroup.es\/careintrials\/wp-content\/uploads\/2023\/02\/ue-8.png&#8221; title_text=&#8221;ue-8&#8243; _builder_version=&#8221;4.19.5&#8243; _module_preset=&#8221;default&#8221; custom_margin=&#8221;30px||0px||false|false&#8221; global_colors_info=&#8221;{}&#8221; theme_builder_area=&#8221;post_content&#8221;][\/et_pb_image][et_pb_text _builder_version=&#8221;4.19.5&#8243; _module_preset=&#8221;default&#8221; custom_margin=&#8221;20px||||false|false&#8221; global_colors_info=&#8221;{}&#8221; theme_builder_area=&#8221;post_content&#8221;]<\/p>\n<p><span style=\"color: #ffffff;\">Action Marie Sk\u0142odowska-Curie<\/span><br \/><span style=\"color: #ffffff;\">Project n\u00ba 891750<\/span><\/p>\n<p>[\/et_pb_text][\/et_pb_column][et_pb_column type=&#8221;1_3&#8243; _builder_version=&#8221;4.19.5&#8243; _module_preset=&#8221;default&#8221; global_colors_info=&#8221;{}&#8221; theme_builder_area=&#8221;post_content&#8221;][et_pb_text _builder_version=&#8221;4.19.4&#8243; _module_preset=&#8221;534cc526-6274-4e31-9e1a-7f18a5947bf1&#8243; header_4_font=&#8221;Archivo|600||on|||||&#8221; header_4_text_color=&#8221;rgba(255,255,255,0.58)&#8221; header_4_font_size=&#8221;13px&#8221; header_4_letter_spacing=&#8221;1px&#8221; header_4_line_height=&#8221;1.5em&#8221; custom_margin=&#8221;||0px||false|false&#8221; header_4_font_size_tablet=&#8221;&#8221; header_4_font_size_phone=&#8221;&#8221; header_4_font_size_last_edited=&#8221;on|desktop&#8221; global_colors_info=&#8221;{}&#8221; theme_builder_area=&#8221;post_content&#8221;]<\/p>\n<h4>Menu<\/h4>\n<p>[\/et_pb_text][et_pb_text _builder_version=&#8221;4.16&#8243; _module_preset=&#8221;5ff55506-da7d-4dd7-b409-9d62c7203201&#8243; text_font=&#8221;Archivo||||||||&#8221; text_text_color=&#8221;rgba(255,255,255,0.5)&#8221; text_font_size=&#8221;16px&#8221; text_line_height=&#8221;1.8em&#8221; link_text_color=&#8221;#FFFFFF&#8221; text_font_size_tablet=&#8221;15px&#8221; text_font_size_phone=&#8221;14px&#8221; text_font_size_last_edited=&#8221;on|phone&#8221; header_font_size_tablet=&#8221;55px&#8221; header_font_size_last_edited=&#8221;off|desktop&#8221; locked=&#8221;off&#8221; global_colors_info=&#8221;{}&#8221; link_text_color__hover_enabled=&#8221;on|desktop&#8221; link_text_color__hover=&#8221;#3C5BFF&#8221; theme_builder_area=&#8221;post_content&#8221;]<\/p>\n<p><a href=\"#\">Sed porttitor<\/a><br \/><a href=\"#\">Curabitur aliquet quam id<\/a><br \/><a href=\"#\">Dui posuere blandit<\/a><br \/><a href=\"#\">Quisque velit nisi<\/a><br \/><a href=\"#\">Pretium ut lacinia in<\/a><br \/><a href=\"#\">Elementum id enim<\/a><\/p>\n<p>[\/et_pb_text][\/et_pb_column][et_pb_column type=&#8221;1_3&#8243; _builder_version=&#8221;4.19.5&#8243; _module_preset=&#8221;default&#8221; global_colors_info=&#8221;{}&#8221; theme_builder_area=&#8221;post_content&#8221;][et_pb_text _builder_version=&#8221;4.16&#8243; _module_preset=&#8221;534cc526-6274-4e31-9e1a-7f18a5947bf1&#8243; header_4_font=&#8221;Archivo|600||on|||||&#8221; header_4_text_color=&#8221;rgba(255,255,255,0.58)&#8221; header_4_font_size=&#8221;13px&#8221; header_4_letter_spacing=&#8221;1px&#8221; header_4_line_height=&#8221;1.5em&#8221; custom_margin=&#8221;||0px||false|false&#8221; header_4_font_size_tablet=&#8221;&#8221; header_4_font_size_phone=&#8221;&#8221; header_4_font_size_last_edited=&#8221;on|desktop&#8221; locked=&#8221;off&#8221; global_colors_info=&#8221;{}&#8221; theme_builder_area=&#8221;post_content&#8221;]<\/p>\n<h4>Contact<\/h4>\n<p>[\/et_pb_text][et_pb_text _builder_version=&#8221;4.19.5&#8243; _module_preset=&#8221;5ff55506-da7d-4dd7-b409-9d62c7203201&#8243; text_font=&#8221;Archivo||||||||&#8221; text_text_color=&#8221;#FFFFFF&#8221; text_font_size=&#8221;16px&#8221; text_line_height=&#8221;1.8em&#8221; link_text_color=&#8221;#FFFFFF&#8221; text_font_size_tablet=&#8221;15px&#8221; text_font_size_phone=&#8221;14px&#8221; text_font_size_last_edited=&#8221;on|phone&#8221; header_font_size_tablet=&#8221;55px&#8221; header_font_size_last_edited=&#8221;off|desktop&#8221; locked=&#8221;off&#8221; global_colors_info=&#8221;{}&#8221; link_text_color__hover_enabled=&#8221;on|desktop&#8221; link_text_color__hover=&#8221;#3C5BFF&#8221; theme_builder_area=&#8221;post_content&#8221;]<\/p>\n<p><span style=\"color: #ffffff;\"><a href=\"mailto:mariacristina.murano@idipaz.es\">mariacristina.murano@idipaz.es<\/a><a href=\"mailto:mariacristina.murano@idipaz.es\"><\/a><\/span><\/p>\n<p><a href=\"mailto:alberto.borobia@idipaz.es\"><span style=\"color: #ffffff;\">alberto.borobia@idipaz.es<\/span><\/a><\/p>\n<p>&nbsp;<\/p>\n<p>[\/et_pb_text][\/et_pb_column][\/et_pb_row][\/et_pb_section]<\/p>\n","protected":false},"excerpt":{"rendered":"<p>Legal AdviceActualizaci\u00f3n de la informaci\u00f3n y contenido Este Portal ha sido creado por el \u00f3rgano de gesti\u00f3n de CareInTrials con car\u00e1cter informativo general y para uso personal. CareInTrials tiene su domicilio en Paseo de la Castellana,261,\u00a0 28046 Madrid La informaci\u00f3n que aparece en este Portal es la vigente en la fecha de su publicaci\u00f3n. No [&hellip;]<\/p>\n","protected":false},"author":1,"featured_media":0,"parent":0,"menu_order":0,"comment_status":"closed","ping_status":"closed","template":"","meta":{"_et_pb_use_builder":"on","_et_pb_old_content":"","_et_gb_content_width":"","footnotes":""},"class_list":["post-93","page","type-page","status-publish","hentry"],"_links":{"self":[{"href":"https:\/\/clinpharmacolgroup.es\/careintrials\/index.php\/wp-json\/wp\/v2\/pages\/93","targetHints":{"allow":["GET"]}}],"collection":[{"href":"https:\/\/clinpharmacolgroup.es\/careintrials\/index.php\/wp-json\/wp\/v2\/pages"}],"about":[{"href":"https:\/\/clinpharmacolgroup.es\/careintrials\/index.php\/wp-json\/wp\/v2\/types\/page"}],"author":[{"embeddable":true,"href":"https:\/\/clinpharmacolgroup.es\/careintrials\/index.php\/wp-json\/wp\/v2\/users\/1"}],"replies":[{"embeddable":true,"href":"https:\/\/clinpharmacolgroup.es\/careintrials\/index.php\/wp-json\/wp\/v2\/comments?post=93"}],"version-history":[{"count":3,"href":"https:\/\/clinpharmacolgroup.es\/careintrials\/index.php\/wp-json\/wp\/v2\/pages\/93\/revisions"}],"predecessor-version":[{"id":96,"href":"https:\/\/clinpharmacolgroup.es\/careintrials\/index.php\/wp-json\/wp\/v2\/pages\/93\/revisions\/96"}],"wp:attachment":[{"href":"https:\/\/clinpharmacolgroup.es\/careintrials\/index.php\/wp-json\/wp\/v2\/media?parent=93"}],"curies":[{"name":"wp","href":"https:\/\/api.w.org\/{rel}","templated":true}]}}