{"id":194,"date":"2023-03-23T06:35:11","date_gmt":"2023-03-23T06:35:11","guid":{"rendered":"https:\/\/clinpharmacolgroup.es\/ipharmgx\/?page_id=194"},"modified":"2023-03-23T06:45:57","modified_gmt":"2023-03-23T06:45:57","slug":"politica-de-privacidad","status":"publish","type":"page","link":"https:\/\/clinpharmacolgroup.es\/ipharmgx\/politica-de-privacidad\/","title":{"rendered":"Pol\u00edtica de Privacidad"},"content":{"rendered":"<p>[et_pb_section fb_built=\u00bb1&#8243; admin_label=\u00bbJoin Now Call to Action\u00bb _builder_version=\u00bb4.19.4&#8243; use_background_color_gradient=\u00bbon\u00bb background_color_gradient_direction=\u00bb105deg\u00bb background_color_gradient_stops=\u00bb#132bc6 0%|#22aee5 100%\u00bb background_color_gradient_start=\u00bb#1bb3eb\u00bb background_color_gradient_end=\u00bb#25efcb\u00bb background_image=\u00bbhttps:\/\/clinpharmacolgroup.es\/ipharmgx\/wp-content\/uploads\/2022\/12\/fondocontact.jpg\u00bb background_blend=\u00bbmultiply\u00bb custom_margin=\u00bb|||\u00bb custom_padding=\u00bb60px|0px|60px|0px\u00bb locked=\u00bboff\u00bb global_colors_info=\u00bb{}\u00bb][et_pb_row _builder_version=\u00bb4.16&#8243; global_colors_info=\u00bb{}\u00bb][et_pb_column type=\u00bb4_4&#8243; _builder_version=\u00bb4.16&#8243; custom_padding=\u00bb|||\u00bb global_colors_info=\u00bb{}\u00bb custom_padding__hover=\u00bb|||\u00bb][et_pb_text _builder_version=\u00bb4.19.5&#8243; text_font=\u00bbPoppins||||||||\u00bb text_text_color=\u00bbrgba(255,255,255,0.8)\u00bb text_font_size=\u00bb18px\u00bb text_line_height=\u00bb1.8em\u00bb header_font=\u00bbPoppins|600|||||||\u00bb header_text_color=\u00bb#ffffff\u00bb header_font_size=\u00bb48px\u00bb header_line_height=\u00bb1.4em\u00bb header_3_font=\u00bbPoppins|600|||||||\u00bb header_3_font_size=\u00bb36px\u00bb header_3_line_height=\u00bb1.4em\u00bb background_layout=\u00bbdark\u00bb max_width=\u00bb600px\u00bb module_alignment=\u00bbleft\u00bb custom_margin=\u00bb|178px||||\u00bb global_colors_info=\u00bb{}\u00bb]<\/p>\n<h1>Pol\u00edtica de Privacidad<\/h1>\n<p>[\/et_pb_text][\/et_pb_column][\/et_pb_row][\/et_pb_section][et_pb_section fb_built=\u00bb1&#8243; _builder_version=\u00bb4.19.4&#8243; _module_preset=\u00bbdefault\u00bb global_colors_info=\u00bb{}\u00bb][et_pb_row _builder_version=\u00bb4.19.4&#8243; _module_preset=\u00bbdefault\u00bb custom_padding=\u00bb0px|||||\u00bb global_colors_info=\u00bb{}\u00bb][et_pb_column type=\u00bb4_4&#8243; _builder_version=\u00bb4.19.4&#8243; _module_preset=\u00bbdefault\u00bb global_colors_info=\u00bb{}\u00bb][et_pb_text _builder_version=\u00bb4.19.5&#8243; _module_preset=\u00bbdefault\u00bb custom_padding=\u00bb0px|||||\u00bb hover_enabled=\u00bb0&#8243; global_colors_info=\u00bb{}\u00bb sticky_enabled=\u00bb0&#8243;]<\/p>\n<div class=\"et_pb_section et_pb_section_1 et_section_regular\">\n<div class=\"et_pb_row et_pb_row_1\">\n<div class=\"et_pb_column et_pb_column_4_4 et_pb_column_1  et_pb_css_mix_blend_mode_passthrough et-last-child\">\n<div class=\"et_pb_module et_pb_text et_pb_text_1  et_pb_text_align_left et_pb_bg_layout_light\">\n<div class=\"et_pb_text_inner\">\n<p>El responsable del tratamiento de sus datos es el Grupo de Farmacolog\u00eda Cl\u00ednica , en adelante iPharmGx, que actuar\u00e1 seg\u00fan lo establecido en el Reglamento (UE) 2016\/679 del Parlamento Europeo y del Consejo de 27 de abril de 2016 (RGPD) y en la Ley de Servicios de la Sociedad de la Informaci\u00f3n (LSSI), en lo referente al mantenimiento de la confidencialidad y tratamiento de datos personales facilitados voluntariamente por todos los usuarios de esta p\u00e1gina Web.<\/p>\n<ul>\n<li>Direcci\u00f3n: Paseo de la Castellana 261, C\u00f3digo postal 28046, Madrid<\/li>\n<li>Tel\u00e9fono:<span>\u00a0<\/span><a href=\"tel:912071466\">91 2071 466<\/a><\/li>\n<li>Email:<a href=\"mailto:pharmgxgestores@gmail.com\"> <span style=\"color: #333333;\">pharmgxgestores@gmail.com<\/span><\/a><\/li>\n<\/ul>\n<p>Resolveremos todas sus dudas, quejas, aclaraciones, sugerencias y atenderemos el ejercicio de sus derechos de acceso, rectificaci\u00f3n, supresi\u00f3n, oposici\u00f3n, portabilidad y limitaci\u00f3n del tratamiento de sus datos. Para ello deber\u00e1 dirigirse al Responsable de Protecci\u00f3n de Datos de iPharmGx, a la direcci\u00f3n postal Pso Castellana 261, 28046, Madrid o al correo electr\u00f3nico <a href=\"mailto:pharmgxgestores@gmail.com\"><span style=\"color: #333333;\">pharmgxgestores@gmail.com<\/span><\/a><a href=\"mailto:info@clinpharmacolgroup.es\"><\/a><a href=\"mailto:coordinacionpt20@scren.es\"><\/a>, acompa\u00f1ando copia de su DNI acreditando debidamente su identidad. En cualquier situaci\u00f3n, Usted tiene derecho a presentar una reclamaci\u00f3n ante la Agencia Espa\u00f1ola de Protecci\u00f3n de Datos (AEPD).<\/p>\n<h3><strong>\u00bfQu\u00e9 datos recopilamos a trav\u00e9s de esta web?<\/strong><\/h3>\n<p>Podemos tratar su IP, el sistema operativo o navegador que usa, e incluso la duraci\u00f3n de su visita, de forma an\u00f3nima.<\/p>\n<p>Si nos facilita datos en el formulario de contacto, se identificar\u00e1 para poder contactar con Usted, en caso de que sea necesario.<\/p>\n<h3><strong>\u00bfQu\u00e9 legitima a iPharmGx para el tratamiento de sus datos?<\/strong><\/h3>\n<p>La aceptaci\u00f3n y consentimiento del interesado.<\/p>\n<h3><strong>Datos personales obtenidos a trav\u00e9s de:<\/strong><\/h3>\n<ol>\n<ol>\n<li><b>Formularios<\/b><\/li>\n<\/ol>\n<\/ol>\n<p>En aquellos casos donde para realizar una solicitud sea necesario cumplimentar un formulario y hacer un \u201cclick\u201d en el bot\u00f3n de enviar, la realizaci\u00f3n del mismo implicar\u00e1 necesariamente que ha sido informado y ha otorgado expresamente su consentimiento al contenido de la cl\u00e1usula anexada a dicho formulario o aceptaci\u00f3n de la pol\u00edtica de privacidad. Todos nuestros formularios cuentan con el s\u00edmbolo * en los datos obligatorios. Si usted no facilita esos campos, o no marca el checkbox de aceptaci\u00f3n de la pol\u00edtica de privacidad, no se permitir\u00e1 el env\u00edo de la informaci\u00f3n.<\/p>\n<p>Le informamos de que los datos personales obtenidos a trav\u00e9s de los formularios de recogida de datos de<a href=\"https:\/\/clinpharmacolgroup.es\/ipharmgx\/\"><span>\u00a0<\/span>https:\/\/clinpharmacolgroup.es\/ipharmgx\/ <span>\u00a0<\/span><\/a>ser\u00e1n tratados por iPharmGx con la finalidad indicada en la cl\u00e1usula informativa recogida en cada uno de los formularios. Recomendamos expresamente la lectura de estas cl\u00e1usulas informativas antes de proceder al env\u00edo de los datos personales. Sus datos no ser\u00e1n cedidos a terceros. En el caso de que los datos vayan a ser cedidos a terceros, sitos dentro o fuera del Espacio Econ\u00f3mico Europeo, iPharmGx solicitar\u00e1 previamente el consentimiento del interesado para tal fin, indic\u00e1ndole a qui\u00e9n se van a ceder dichos datos y con qu\u00e9 finalidad. La base que legitima el tratamiento de sus datos es el consentimiento que Usted nos da al enviar el formulario correspondiente con sus datos personales. Sus datos ser\u00e1n conservados por iPharmGx mientras gestione su solicitud o hasta que se oponga a dicho tratamiento.<\/p>\n<p>Concretamente, los datos recabados a trav\u00e9s del formulario de contacto, ser\u00e1n tratados por iPharmGx con la finalidad de gestionar las ideas y comentarios que nos remita a trav\u00e9s de este formulario, as\u00ed como para el env\u00edo de comunicaciones comerciales que puedan ser de su inter\u00e9s. Usted puede oponerse libremente a recibir dichas comunicaciones, sin que ello condicione nuestras relaciones contractuales, comerciales y profesionales. Para la realizaci\u00f3n de estas gestiones sus datos no ser\u00e1n cedidos a terceros sitos dentro o fuera del Espacio Econ\u00f3mico Europeo, salvo cuando sean requeridos por ley o por las autoridades competentes. La base que legitima el tratamiento de sus datos con esta finalidad es el consentimiento que Usted nos da al enviar el formulario con sus datos personales. Sus datos ser\u00e1n conservados por iPharmGx mientras gestione su solicitud o hasta que se oponga a dicho tratamiento.<\/p>\n<ol>\n<ol>\n<li><b>Relaci\u00f3n Contractual, profesional o comercial<\/b><\/li>\n<\/ol>\n<\/ol>\n<p>Los datos personales que usted pueda facilitarnos durante su relaci\u00f3n contractual, profesional o comercial con iPharmGx ser\u00e1n tratados por la misma con la finalidad de mantener dichas relaciones, as\u00ed como, en su caso, para el env\u00edo de comunicaciones comerciales que puedan ser de su inter\u00e9s. Usted puede oponerse libremente a recibir dichas comunicaciones, sin que ello condicione nuestras relaciones contractuales, comerciales y profesionales. Para la realizaci\u00f3n de esta gesti\u00f3n es posible que sus datos sean cedidos a entidades bancarias y a la Administraci\u00f3n Tributaria, y siempre que sean requeridos por ley o por las autoridades competentes. Este tratamiento de datos es necesario para la ejecuci\u00f3n del contrato y\/o para el mantenimiento de la relaci\u00f3n contractual, profesional o comercial, asimismo, la base que legitima el tratamiento de sus datos con la finalidad de enviarle informaci\u00f3n comercial es su consentimiento. Igualmente, le informamos de que sus datos ser\u00e1n conservados mientras se mantengan estas relaciones y los plazos marcados por la legislaci\u00f3n fiscal o durante los plazos establecidos para atender posibles reclamaciones. Del mismo modo, los datos que utilicemos para remitirle informaci\u00f3n comercial ser\u00e1n conservados hasta que Usted revoque su consentimiento.<\/p>\n<ol>\n<ol>\n<li><b>Los correos electr\u00f3nicos incluidos en la web<\/b><\/li>\n<\/ol>\n<\/ol>\n<p>Los datos recabados a trav\u00e9s de los correos electr\u00f3nicos incluidos en la p\u00e1gina web ser\u00e1n tratados con la finalidad de gestionar y mantener las relaciones profesionales que nos unen con Usted, as\u00ed como, en su caso, para el env\u00edo de comunicaciones comerciales que puedan ser de su inter\u00e9s. Usted puede oponerse libremente a recibir dichas comunicaciones, sin que ello condicione nuestras relaciones contractuales, comerciales y profesionales. En este sentido, le informamos que sus datos podr\u00edan ser comunicados a las entidades y administraciones p\u00fablicas necesarias para la realizaci\u00f3n de dicha gesti\u00f3n, y siempre que sean requeridos por ley o por las autoridades competentes. La base que legitima el tratamiento de sus datos es el mantenimiento de la relaci\u00f3n profesional que mantiene con iPharmGx, as\u00ed como el consentimiento para el env\u00edo de las comunicaciones comerciales en su caso. Sus datos se eliminar\u00e1n cuando finalicen los plazos de prescripci\u00f3n marcados por la ley, conserv\u00e1ndose \u00fanicamente para atender posibles reclamaciones, o para el tratamiento de los datos con la finalidad de remitirle comunicaciones comerciales hasta que se oponga a dicho tratamiento.<\/p>\n<ol>\n<ol>\n<li><b>De su curr\u00edculum<\/b><\/li>\n<\/ol>\n<\/ol>\n<p>Si Usted nos ha enviado su curr\u00edculum a las direcciones postales o electr\u00f3nicas de iPharmGx o a trav\u00e9s de esta p\u00e1gina Web, le informamos que sus datos ser\u00e1n tratados por iPharmGx para la gesti\u00f3n de los procesos de selecci\u00f3n de personal de puestos vacantes en la Plataforma. Si usted nos otorga su consentimiento, sus datos podr\u00e1n ser comunicados a los investigadores que tienen inter\u00e9s en participar en programas de la Plataforma en los que podr\u00eda trabajar si su curr\u00edculum es seleccionado. Sus datos no podr\u00e1n ser comunicados a ning\u00fan otro tercero, del mismo modo que no se prev\u00e9 realizar transferencias internacionales de datos. Este tratamiento de datos es necesario para atender su solicitud de empleo y est\u00e1 basado en el consentimiento que Usted nos da al enviarnos su curr\u00edculum; asimismo su consentimiento tambi\u00e9n es la base leg\u00edtima para la comunicaci\u00f3n de sus datos a los terceros investigadores que tienen inter\u00e9s en participar en programas de la Plataforma en los que podr\u00eda trabajar si su curr\u00edculum es seleccionado. En caso de no ser seleccionado en el proceso de selecci\u00f3n, conservaremos su curr\u00edculum vitae durante un a\u00f1o para posteriores procesos de selecci\u00f3n. Transcurrido este plazo procederemos a eliminar todos sus datos de nuestros sistemas de informaci\u00f3n.<\/p>\n<p>La presente Pol\u00edtica de Privacidad ha sido actualizada en marzo de 2023. iPharmGx se reserva el derecho de modificar su Pol\u00edtica de Privacidad en el supuesto de que exista un cambio de la legislaci\u00f3n vigente, doctrina jurisprudencial o por criterios propios. Si se introdujese alg\u00fan cambio en esta pol\u00edtica, el nuevo texto se publicar\u00e1 en esta misma direcci\u00f3n.<\/p>\n<\/div>\n<\/div>\n<\/div>\n<\/div>\n<\/div>\n<p>[\/et_pb_text][\/et_pb_column][\/et_pb_row][\/et_pb_section][et_pb_section fb_built=\u00bb1&#8243; _builder_version=\u00bb4.19.4&#8243; _module_preset=\u00bbdefault\u00bb background_color=\u00bb#00a8ea\u00bb use_background_color_gradient=\u00bbon\u00bb background_color_gradient_direction=\u00bb123deg\u00bb background_color_gradient_stops=\u00bbrgba(0,236,244,0.94) 1%|#1c338e 76%\u00bb global_module=\u00bb36&#8243; saved_tabs=\u00bball\u00bb global_colors_info=\u00bb{}\u00bb][et_pb_row column_structure=\u00bb1_3,1_3,1_3&#8243; _builder_version=\u00bb4.19.4&#8243; _module_preset=\u00bbdefault\u00bb global_colors_info=\u00bb{}\u00bb][et_pb_column type=\u00bb1_3&#8243; _builder_version=\u00bb4.19.4&#8243; _module_preset=\u00bbdefault\u00bb global_colors_info=\u00bb{}\u00bb][et_pb_image src=\u00bbhttps:\/\/clinpharmacolgroup.es\/ipharmgx\/wp-content\/uploads\/2023\/01\/logoWhite.png\u00bb title_text=\u00bblogoWhite\u00bb _builder_version=\u00bb4.19.4&#8243; _module_preset=\u00bbdefault\u00bb global_colors_info=\u00bb{}\u00bb][\/et_pb_image][\/et_pb_column][et_pb_column type=\u00bb1_3&#8243; _builder_version=\u00bb4.19.4&#8243; _module_preset=\u00bbdefault\u00bb global_colors_info=\u00bb{}\u00bb][et_pb_text _builder_version=\u00bb4.19.4&#8243; _module_preset=\u00bbdefault\u00bb text_text_color=\u00bb#FFFFFF\u00bb global_colors_info=\u00bb{}\u00bb]<\/p>\n<p><strong>Coordinaci\u00f3n t\u00e9cnica del Ensayo:<\/strong><\/p>\n<p>Dr. Alberto M. Borobia<\/p>\n<p><b>Subcoordinador del proyecto<\/b><\/p>\n<p>Dr. Antonio J Carcas Sansu\u00e1n<\/p>\n<p><b>Gestor del proyecto<\/b><\/p>\n<p>Stefan Stewart<\/p>\n<p>&nbsp;<\/p>\n<p>[\/et_pb_text][\/et_pb_column][et_pb_column type=\u00bb1_3&#8243; _builder_version=\u00bb4.19.4&#8243; _module_preset=\u00bbdefault\u00bb global_colors_info=\u00bb{}\u00bb][et_pb_text _builder_version=\u00bb4.19.4&#8243; _module_preset=\u00bbdefault\u00bb text_text_color=\u00bb#FFFFFF\u00bb global_colors_info=\u00bb{}\u00bb]<\/p>\n<p><strong>Hospital Universitario La Paz<\/strong><\/p>\n<p>Servicio de Farmacolog\u00eda Cl\u00ednica \u2013 UCICEC<\/p>\n<p>&nbsp;<\/p>\n<p>[\/et_pb_text][\/et_pb_column][\/et_pb_row][et_pb_row _builder_version=\u00bb4.19.4&#8243; _module_preset=\u00bbdefault\u00bb global_colors_info=\u00bb{}\u00bb][et_pb_column type=\u00bb4_4&#8243; _builder_version=\u00bb4.19.4&#8243; _module_preset=\u00bbdefault\u00bb global_colors_info=\u00bb{}\u00bb][et_pb_text _builder_version=\u00bb4.19.4&#8243; _module_preset=\u00bbdefault\u00bb text_text_color=\u00bb#FFFFFF\u00bb global_colors_info=\u00bb{}\u00bb]<\/p>\n<p><span>\u00a9 Copyright 2023\u00a0\u00a0\u00a0|\u00a0\u00a0\u00a0iPharmGx Todos los derechos reservados<\/span><\/p>\n<p>[\/et_pb_text][\/et_pb_column][\/et_pb_row][\/et_pb_section]<\/p>\n","protected":false},"excerpt":{"rendered":"<p>Pol\u00edtica de Privacidad El responsable del tratamiento de sus datos es el Grupo de Farmacolog\u00eda Cl\u00ednica , en adelante iPharmGx, que actuar\u00e1 seg\u00fan lo establecido en el Reglamento (UE) 2016\/679 del Parlamento Europeo y del Consejo de 27 de abril de 2016 (RGPD) y en la Ley de Servicios de la Sociedad de la Informaci\u00f3n [&hellip;]<\/p>\n","protected":false},"author":1,"featured_media":0,"parent":0,"menu_order":0,"comment_status":"closed","ping_status":"closed","template":"","meta":{"_et_pb_use_builder":"on","_et_pb_old_content":"","_et_gb_content_width":"","footnotes":""},"class_list":["post-194","page","type-page","status-publish","hentry"],"_links":{"self":[{"href":"https:\/\/clinpharmacolgroup.es\/ipharmgx\/wp-json\/wp\/v2\/pages\/194","targetHints":{"allow":["GET"]}}],"collection":[{"href":"https:\/\/clinpharmacolgroup.es\/ipharmgx\/wp-json\/wp\/v2\/pages"}],"about":[{"href":"https:\/\/clinpharmacolgroup.es\/ipharmgx\/wp-json\/wp\/v2\/types\/page"}],"author":[{"embeddable":true,"href":"https:\/\/clinpharmacolgroup.es\/ipharmgx\/wp-json\/wp\/v2\/users\/1"}],"replies":[{"embeddable":true,"href":"https:\/\/clinpharmacolgroup.es\/ipharmgx\/wp-json\/wp\/v2\/comments?post=194"}],"version-history":[{"count":4,"href":"https:\/\/clinpharmacolgroup.es\/ipharmgx\/wp-json\/wp\/v2\/pages\/194\/revisions"}],"predecessor-version":[{"id":209,"href":"https:\/\/clinpharmacolgroup.es\/ipharmgx\/wp-json\/wp\/v2\/pages\/194\/revisions\/209"}],"wp:attachment":[{"href":"https:\/\/clinpharmacolgroup.es\/ipharmgx\/wp-json\/wp\/v2\/media?parent=194"}],"curies":[{"name":"wp","href":"https:\/\/api.w.org\/{rel}","templated":true}]}}