{"id":284,"date":"2024-09-18T05:49:25","date_gmt":"2024-09-18T05:49:25","guid":{"rendered":"https:\/\/clinpharmacolgroup.es\/ipharmgx\/?page_id=284"},"modified":"2024-09-18T05:49:25","modified_gmt":"2024-09-18T05:49:25","slug":"ipharmgx-en-los-medios","status":"publish","type":"page","link":"https:\/\/clinpharmacolgroup.es\/ipharmgx\/ipharmgx-en-los-medios\/","title":{"rendered":"IpharmGX en los medios"},"content":{"rendered":"<p>[et_pb_section fb_built=\u00bb1&#8243; admin_label=\u00bbJoin Now Call to Action\u00bb _builder_version=\u00bb4.19.4&#8243; use_background_color_gradient=\u00bbon\u00bb background_color_gradient_direction=\u00bb105deg\u00bb background_color_gradient_stops=\u00bb#132bc6 0%|#22aee5 100%\u00bb background_color_gradient_start=\u00bb#1bb3eb\u00bb background_color_gradient_end=\u00bb#25efcb\u00bb background_image=\u00bbhttps:\/\/clinpharmacolgroup.es\/ipharmgx\/wp-content\/uploads\/2022\/12\/fondocontact.jpg\u00bb background_blend=\u00bbmultiply\u00bb custom_margin=\u00bb|||\u00bb custom_padding=\u00bb60px|0px|60px|0px\u00bb locked=\u00bboff\u00bb global_colors_info=\u00bb{}\u00bb theme_builder_area=\u00bbpost_content\u00bb][et_pb_row _builder_version=\u00bb4.16&#8243; global_colors_info=\u00bb{}\u00bb theme_builder_area=\u00bbpost_content\u00bb][et_pb_column type=\u00bb4_4&#8243; _builder_version=\u00bb4.16&#8243; custom_padding=\u00bb|||\u00bb global_colors_info=\u00bb{}\u00bb custom_padding__hover=\u00bb|||\u00bb theme_builder_area=\u00bbpost_content\u00bb][et_pb_text _builder_version=\u00bb4.19.5&#8243; text_font=\u00bbPoppins||||||||\u00bb text_text_color=\u00bbrgba(255,255,255,0.8)\u00bb text_font_size=\u00bb18px\u00bb text_line_height=\u00bb1.8em\u00bb header_font=\u00bbPoppins|600|||||||\u00bb header_text_color=\u00bb#ffffff\u00bb header_font_size=\u00bb48px\u00bb header_line_height=\u00bb1.4em\u00bb header_3_font=\u00bbPoppins|600|||||||\u00bb header_3_font_size=\u00bb36px\u00bb header_3_line_height=\u00bb1.4em\u00bb background_layout=\u00bbdark\u00bb max_width=\u00bb600px\u00bb module_alignment=\u00bbleft\u00bb custom_margin=\u00bb|178px||||\u00bb global_colors_info=\u00bb{}\u00bb theme_builder_area=\u00bbpost_content\u00bb]<\/p>\n<h1>iPharmGx en los medios<\/h1>\n<p>[\/et_pb_text][\/et_pb_column][\/et_pb_row][\/et_pb_section][et_pb_section fb_built=\u00bb1&#8243; _builder_version=\u00bb4.19.4&#8243; _module_preset=\u00bbdefault\u00bb global_colors_info=\u00bb{}\u00bb theme_builder_area=\u00bbpost_content\u00bb][et_pb_row _builder_version=\u00bb4.19.4&#8243; _module_preset=\u00bbdefault\u00bb custom_padding=\u00bb0px|||||\u00bb global_colors_info=\u00bb{}\u00bb column_structure=\u00bb1_3,2_3&#8243; theme_builder_area=\u00bbpost_content\u00bb][et_pb_column type=\u00bb1_3&#8243; _builder_version=\u00bb4.19.4&#8243; _module_preset=\u00bbdefault\u00bb global_colors_info=\u00bb{}\u00bb theme_builder_area=\u00bbpost_content\u00bb][et_pb_image src=\u00bbhttps:\/\/clinpharmacolgroup.es\/ipharmgx\/wp-content\/uploads\/2024\/09\/medico_prescripcion_medicinas-1068&#215;675-1.jpg\u00bb _builder_version=\u00bb4.27.0&#8243; _module_preset=\u00bbdefault\u00bb theme_builder_area=\u00bbpost_content\u00bb title_text=\u00bbmedico_prescripcion_medicinas-1068&#215;675&#8243; hover_enabled=\u00bb0&#8243; sticky_enabled=\u00bb0&#8243;][\/et_pb_image][\/et_pb_column][et_pb_column type=\u00bb2_3&#8243; _builder_version=\u00bb4.19.4&#8243; _module_preset=\u00bbdefault\u00bb global_colors_info=\u00bb{}\u00bb theme_builder_area=\u00bbpost_content\u00bb][et_pb_text _builder_version=\u00bb4.27.0&#8243; _module_preset=\u00bbdefault\u00bb theme_builder_area=\u00bbpost_content\u00bb hover_enabled=\u00bb0&#8243; sticky_enabled=\u00bb0&#8243;]<\/p>\n<h3 class=\"entry-title\">La Paz lidera iPHARMGx, un proyecto para mejorar la medicina personalizada en Espa\u00f1a<\/h3>\n<p><span>El Hospital p\u00fablico La Paz de la Comunidad de Madrid lidera un proyecto investigador en Espa\u00f1a cuyo objetivo es mejorar la aplicaci\u00f3n de la\u00a0<\/span><strong>medicina personalizada<\/strong><span>\u00a0en el Sistema Nacional de Salud (SNS) para avanzar en la eficacia y seguridad de los medicamentos: iPHARMGx.<\/span>\u00a0<\/p>\n<p>[\/et_pb_text][et_pb_button button_text=\u00bbLeer m\u00e1s\u00bb _builder_version=\u00bb4.27.0&#8243; _module_preset=\u00bbdefault\u00bb theme_builder_area=\u00bbpost_content\u00bb url_new_window=\u00bbon\u00bb button_url=\u00bbhttps:\/\/gacetamedica.com\/investigacion\/la-paz-lidera-ipharmgx-un-proyecto-para-mejorar-la-medicina-personalizada-en-espana\/\u00bb custom_button=\u00bbon\u00bb button_text_color=\u00bb#FFFFFF\u00bb button_bg_color=\u00bb#0C71C3&#8243; button_bg_enable_color=\u00bbon\u00bb button_border_color=\u00bb#0C71C3&#8243; button_letter_spacing=\u00bb0px\u00bb button_border_radius=\u00bb0px\u00bb button_border_width=\u00bb0px\u00bb custom_margin=\u00bb||||false|false\u00bb button_text_size=\u00bb16px\u00bb button_icon=\u00bb&#x24;||divi||400&#8243; button_icon_color=\u00bb#FFFFFF\u00bb hover_enabled=\u00bb0&#8243; sticky_enabled=\u00bb0&#8243; button_alignment=\u00bbright\u00bb custom_padding=\u00bb|100px||100px|false|false\u00bb][\/et_pb_button][\/et_pb_column][\/et_pb_row][et_pb_row _builder_version=\u00bb4.19.4&#8243; _module_preset=\u00bbdefault\u00bb custom_padding=\u00bb0px|||||\u00bb global_colors_info=\u00bb{}\u00bb column_structure=\u00bb1_3,2_3&#8243; theme_builder_area=\u00bbpost_content\u00bb][et_pb_column type=\u00bb1_3&#8243; _builder_version=\u00bb4.19.4&#8243; _module_preset=\u00bbdefault\u00bb global_colors_info=\u00bb{}\u00bb theme_builder_area=\u00bbpost_content\u00bb][et_pb_image src=\u00bbhttps:\/\/clinpharmacolgroup.es\/ipharmgx\/wp-content\/uploads\/2024\/09\/FOTO4569.jpg\u00bb _builder_version=\u00bb4.27.0&#8243; _module_preset=\u00bbdefault\u00bb theme_builder_area=\u00bbpost_content\u00bb title_text=\u00bbFOTO4569&#8243; hover_enabled=\u00bb0&#8243; sticky_enabled=\u00bb0&#8243;][\/et_pb_image][\/et_pb_column][et_pb_column type=\u00bb2_3&#8243; _builder_version=\u00bb4.19.4&#8243; _module_preset=\u00bbdefault\u00bb global_colors_info=\u00bb{}\u00bb theme_builder_area=\u00bbpost_content\u00bb][et_pb_text _builder_version=\u00bb4.27.0&#8243; _module_preset=\u00bbdefault\u00bb theme_builder_area=\u00bbpost_content\u00bb hover_enabled=\u00bb0&#8243; sticky_enabled=\u00bb0&#8243;]<\/p>\n<h3>El proyecto iPHARMGx busca crear una plataforma que permita evaluar de manera m\u00e1s \u00e1gil las estrategias de genotipado.<\/h3>\n<p><span>El\u00a0<\/span><a href=\"https:\/\/www.phmk.es\/hospitales\/el-hospital-la-paz-sera-el-primer-centro-espanol-en-construir-una-unidad-de-investigacion-del-ejercicio-fisico-en-oncologia-pediatrica\" target=\"_blank\" rel=\"noopener\">Hospital p\u00fablico La Paz<\/a><span>\u00a0de la Comunidad de Madrid lidera un<\/span><strong><span>\u00a0<\/span>proyecto investigador en Espa\u00f1a,<\/strong><span>\u00a0cuyo objetivo es mejorar la aplicaci\u00f3n<\/span><span>\u00a0\u00a0<\/span><span>de la medicina personalizada en el\u00a0<\/span><a href=\"https:\/\/www.phmk.es\/politica-sanitaria\/la-ministra-darias-anuncia-el-plan-5p-del-sistema-nacional-de-salud-que-tiene-como-objetivo-avanzar-en-la-medicina-personalizada-de-precision\" target=\"_blank\" rel=\"noopener\">Sistema Nacional de Salud<\/a><span>\u00a0para avanzar en la eficacia y seguridad de los medicamentos.<\/span><\/p>\n<p>[\/et_pb_text][et_pb_button button_text=\u00bbLeer m\u00e1s\u00bb _builder_version=\u00bb4.27.0&#8243; _module_preset=\u00bbdefault\u00bb theme_builder_area=\u00bbpost_content\u00bb url_new_window=\u00bbon\u00bb button_url=\u00bbhttps:\/\/www.phmk.es\/hospitales\/el-hospital-la-paz-de-madrid-lidera-un-proyecto-investigador-en-espana-enfocado-en-la-medicina-personalizada\u00bb custom_button=\u00bbon\u00bb button_text_color=\u00bb#FFFFFF\u00bb button_bg_color=\u00bb#0C71C3&#8243; button_bg_enable_color=\u00bbon\u00bb button_border_color=\u00bb#0C71C3&#8243; button_letter_spacing=\u00bb0px\u00bb button_border_radius=\u00bb0px\u00bb button_border_width=\u00bb0px\u00bb custom_margin=\u00bb||||false|false\u00bb button_text_size=\u00bb16px\u00bb button_icon=\u00bb&#x24;||divi||400&#8243; button_icon_color=\u00bb#FFFFFF\u00bb hover_enabled=\u00bb0&#8243; sticky_enabled=\u00bb0&#8243; button_alignment=\u00bbright\u00bb custom_padding=\u00bb|100px||100px|false|false\u00bb][\/et_pb_button][\/et_pb_column][\/et_pb_row][et_pb_row _builder_version=\u00bb4.19.4&#8243; _module_preset=\u00bbdefault\u00bb custom_padding=\u00bb0px|||||\u00bb global_colors_info=\u00bb{}\u00bb column_structure=\u00bb1_3,2_3&#8243; theme_builder_area=\u00bbpost_content\u00bb][et_pb_column type=\u00bb1_3&#8243; _builder_version=\u00bb4.19.4&#8243; _module_preset=\u00bbdefault\u00bb global_colors_info=\u00bb{}\u00bb theme_builder_area=\u00bbpost_content\u00bb][et_pb_image src=\u00bbhttps:\/\/clinpharmacolgroup.es\/ipharmgx\/wp-content\/uploads\/2024\/09\/laboratorio_0.jpg\u00bb _builder_version=\u00bb4.27.0&#8243; _module_preset=\u00bbdefault\u00bb theme_builder_area=\u00bbpost_content\u00bb title_text=\u00bblaboratorio_0&#8243; hover_enabled=\u00bb0&#8243; sticky_enabled=\u00bb0&#8243;][\/et_pb_image][\/et_pb_column][et_pb_column type=\u00bb2_3&#8243; _builder_version=\u00bb4.19.4&#8243; _module_preset=\u00bbdefault\u00bb global_colors_info=\u00bb{}\u00bb theme_builder_area=\u00bbpost_content\u00bb][et_pb_text _builder_version=\u00bb4.27.0&#8243; _module_preset=\u00bbdefault\u00bb theme_builder_area=\u00bbpost_content\u00bb hover_enabled=\u00bb0&#8243; sticky_enabled=\u00bb0&#8243;]<\/p>\n<h3>El Hospital Universitario La Paz <strong>lidera el proyecto iPHARMGx<\/strong><\/h3>\n<p><span>El proyecto iPHARMGx, coordinado desde La Paz por Alberto Borobia, m\u00e9dico especialista en Farmacolog\u00eda Cl\u00ednica y profesor asociado de la Universidad Aut\u00f3noma de Madrid, tiene por objetivo facilitar la aplicaci\u00f3n y desarrollo de la farmacog\u00e9netica en el Sistema Nacional de Salud. Esta aplicaci\u00f3n permitir\u00e1 una mejor gesti\u00f3n de los recursos y mayor eficiencia en el tratamiento de enfermedades. En este proyecto participan m\u00e1s de 60 investigadores de once hospitales de toda Espa\u00f1a. Entre ellos destacan los hospitales p\u00fablicos madrile\u00f1os Gregorio Mara\u00f1\u00f3n y La Princesa, as\u00ed como el Hospital Central de la Defensa G\u00f3mez Ulla, la Universidad Aut\u00f3noma de Madrid y la Agencia de Evaluaci\u00f3n de Tecnolog\u00edas Sanitarias del Instituto de Salud Carlos III.<\/span><\/p>\n<p>[\/et_pb_text][et_pb_button button_text=\u00bbLeer m\u00e1s\u00bb _builder_version=\u00bb4.27.0&#8243; _module_preset=\u00bbdefault\u00bb theme_builder_area=\u00bbpost_content\u00bb url_new_window=\u00bbon\u00bb button_url=\u00bbhttps:\/\/www.comunidad.madrid\/hospital\/lapaz\/noticia\/hospital-universitario-paz-celebra-decimo-aniversario-su-unidad-farmacogenetica\u00bb custom_button=\u00bbon\u00bb button_text_color=\u00bb#FFFFFF\u00bb button_bg_color=\u00bb#0C71C3&#8243; button_bg_enable_color=\u00bbon\u00bb button_border_color=\u00bb#0C71C3&#8243; button_letter_spacing=\u00bb0px\u00bb button_border_radius=\u00bb0px\u00bb button_border_width=\u00bb0px\u00bb custom_margin=\u00bb||||false|false\u00bb button_text_size=\u00bb16px\u00bb button_icon=\u00bb&#x24;||divi||400&#8243; button_icon_color=\u00bb#FFFFFF\u00bb hover_enabled=\u00bb0&#8243; sticky_enabled=\u00bb0&#8243; button_alignment=\u00bbright\u00bb custom_padding=\u00bb|100px||100px|false|false\u00bb][\/et_pb_button][\/et_pb_column][\/et_pb_row][et_pb_row _builder_version=\u00bb4.19.4&#8243; _module_preset=\u00bbdefault\u00bb custom_padding=\u00bb0px|||||\u00bb global_colors_info=\u00bb{}\u00bb column_structure=\u00bb1_3,2_3&#8243; theme_builder_area=\u00bbpost_content\u00bb][et_pb_column type=\u00bb1_3&#8243; _builder_version=\u00bb4.19.4&#8243; _module_preset=\u00bbdefault\u00bb global_colors_info=\u00bb{}\u00bb theme_builder_area=\u00bbpost_content\u00bb][et_pb_image src=\u00bbhttps:\/\/clinpharmacolgroup.es\/ipharmgx\/wp-content\/uploads\/2024\/09\/Depositphotos_44170575_XL1-800&#215;533-1.jpg\u00bb _builder_version=\u00bb4.27.0&#8243; _module_preset=\u00bbdefault\u00bb theme_builder_area=\u00bbpost_content\u00bb title_text=\u00bbDepositphotos_44170575_XL1-800&#215;533&#8243; hover_enabled=\u00bb0&#8243; sticky_enabled=\u00bb0&#8243;][\/et_pb_image][\/et_pb_column][et_pb_column type=\u00bb2_3&#8243; _builder_version=\u00bb4.19.4&#8243; _module_preset=\u00bbdefault\u00bb global_colors_info=\u00bb{}\u00bb theme_builder_area=\u00bbpost_content\u00bb][et_pb_text _builder_version=\u00bb4.27.0&#8243; _module_preset=\u00bbdefault\u00bb theme_builder_area=\u00bbpost_content\u00bb hover_enabled=\u00bb0&#8243; sticky_enabled=\u00bb0&#8243;]<\/p>\n<h3 class=\"elementor-heading-title elementor-size-default\">La medicina personalizada toma forma en el desarrollo de la farmacogen\u00e9tica<\/h3>\n<p><span>El Hospital La Paz de Madrid lidera el proyecto iPHARMGx en el que participan otros once centros sanitarios de todo el pa\u00eds para mejorar la eficacia y seguridades de los medicamentos en el Sistema Nacional de Salud<\/span><\/p>\n<p>[\/et_pb_text][et_pb_button button_text=\u00bbLeer m\u00e1s\u00bb _builder_version=\u00bb4.27.0&#8243; _module_preset=\u00bbdefault\u00bb theme_builder_area=\u00bbpost_content\u00bb url_new_window=\u00bbon\u00bb button_url=\u00bbhttps:\/\/diariofarma.com\/2023\/02\/20\/la-medicina-personalizada-toma-forma-en-el-desarrollo-de-la-farmacogenetica\u00bb custom_button=\u00bbon\u00bb button_text_color=\u00bb#FFFFFF\u00bb button_bg_color=\u00bb#0C71C3&#8243; button_bg_enable_color=\u00bbon\u00bb button_border_color=\u00bb#0C71C3&#8243; button_letter_spacing=\u00bb0px\u00bb button_border_radius=\u00bb0px\u00bb button_border_width=\u00bb0px\u00bb custom_margin=\u00bb||||false|false\u00bb button_text_size=\u00bb16px\u00bb button_icon=\u00bb&#x24;||divi||400&#8243; button_icon_color=\u00bb#FFFFFF\u00bb hover_enabled=\u00bb0&#8243; sticky_enabled=\u00bb0&#8243; button_alignment=\u00bbright\u00bb custom_padding=\u00bb|100px||100px|false|false\u00bb][\/et_pb_button][\/et_pb_column][\/et_pb_row][\/et_pb_section][et_pb_section fb_built=\u00bb1&#8243; _builder_version=\u00bb4.19.4&#8243; _module_preset=\u00bbdefault\u00bb background_color=\u00bb#00a8ea\u00bb use_background_color_gradient=\u00bbon\u00bb background_color_gradient_direction=\u00bb123deg\u00bb background_color_gradient_stops=\u00bbrgba(0,236,244,0.94) 1%|#1c338e 76%\u00bb global_module=\u00bb36&#8243; saved_tabs=\u00bball\u00bb global_colors_info=\u00bb{}\u00bb theme_builder_area=\u00bbpost_content\u00bb][et_pb_row column_structure=\u00bb1_3,1_3,1_3&#8243; _builder_version=\u00bb4.19.4&#8243; _module_preset=\u00bbdefault\u00bb global_colors_info=\u00bb{}\u00bb theme_builder_area=\u00bbpost_content\u00bb][et_pb_column type=\u00bb1_3&#8243; _builder_version=\u00bb4.19.4&#8243; _module_preset=\u00bbdefault\u00bb global_colors_info=\u00bb{}\u00bb theme_builder_area=\u00bbpost_content\u00bb][et_pb_image src=\u00bbhttps:\/\/clinpharmacolgroup.es\/ipharmgx\/wp-content\/uploads\/2023\/01\/logoWhite.png\u00bb title_text=\u00bblogoWhite\u00bb _builder_version=\u00bb4.19.4&#8243; _module_preset=\u00bbdefault\u00bb global_colors_info=\u00bb{}\u00bb theme_builder_area=\u00bbpost_content\u00bb][\/et_pb_image][\/et_pb_column][et_pb_column type=\u00bb1_3&#8243; _builder_version=\u00bb4.19.4&#8243; _module_preset=\u00bbdefault\u00bb global_colors_info=\u00bb{}\u00bb theme_builder_area=\u00bbpost_content\u00bb][et_pb_text _builder_version=\u00bb4.19.4&#8243; _module_preset=\u00bbdefault\u00bb text_text_color=\u00bb#FFFFFF\u00bb global_colors_info=\u00bb{}\u00bb theme_builder_area=\u00bbpost_content\u00bb]<\/p>\n<p><strong>Coordinaci\u00f3n t\u00e9cnica del Ensayo:<\/strong><\/p>\n<p>Dr. Alberto M. Borobia<\/p>\n<p><b>Subcoordinador del proyecto<\/b><\/p>\n<p>Dr. Antonio J Carcas Sansu\u00e1n<\/p>\n<p><b>Gestor del proyecto<\/b><\/p>\n<p>Stefan Stewart<\/p>\n<p>&nbsp;<\/p>\n<p>[\/et_pb_text][\/et_pb_column][et_pb_column type=\u00bb1_3&#8243; _builder_version=\u00bb4.19.4&#8243; _module_preset=\u00bbdefault\u00bb global_colors_info=\u00bb{}\u00bb theme_builder_area=\u00bbpost_content\u00bb][et_pb_text _builder_version=\u00bb4.19.4&#8243; _module_preset=\u00bbdefault\u00bb text_text_color=\u00bb#FFFFFF\u00bb global_colors_info=\u00bb{}\u00bb theme_builder_area=\u00bbpost_content\u00bb]<\/p>\n<p><strong>Hospital Universitario La Paz<\/strong><\/p>\n<p>Servicio de Farmacolog\u00eda Cl\u00ednica \u2013 UCICEC<\/p>\n<p>&nbsp;<\/p>\n<p>[\/et_pb_text][\/et_pb_column][\/et_pb_row][et_pb_row _builder_version=\u00bb4.19.4&#8243; _module_preset=\u00bbdefault\u00bb global_colors_info=\u00bb{}\u00bb theme_builder_area=\u00bbpost_content\u00bb][et_pb_column type=\u00bb4_4&#8243; _builder_version=\u00bb4.19.4&#8243; _module_preset=\u00bbdefault\u00bb global_colors_info=\u00bb{}\u00bb theme_builder_area=\u00bbpost_content\u00bb][et_pb_text _builder_version=\u00bb4.19.4&#8243; _module_preset=\u00bbdefault\u00bb text_text_color=\u00bb#FFFFFF\u00bb global_colors_info=\u00bb{}\u00bb theme_builder_area=\u00bbpost_content\u00bb]<\/p>\n<p><span>\u00a9 Copyright 2023\u00a0\u00a0\u00a0|\u00a0\u00a0\u00a0iPharmGx Todos los derechos reservados<\/span><\/p>\n<p>[\/et_pb_text][\/et_pb_column][\/et_pb_row][\/et_pb_section]<\/p>\n","protected":false},"excerpt":{"rendered":"<p>iPharmGx en los mediosLa Paz lidera iPHARMGx, un proyecto para mejorar la medicina personalizada en Espa\u00f1a El Hospital p\u00fablico La Paz de la Comunidad de Madrid lidera un proyecto investigador en Espa\u00f1a cuyo objetivo es mejorar la aplicaci\u00f3n de la\u00a0medicina personalizada\u00a0en el Sistema Nacional de Salud (SNS) para avanzar en la eficacia y seguridad de [&hellip;]<\/p>\n","protected":false},"author":1,"featured_media":0,"parent":0,"menu_order":0,"comment_status":"closed","ping_status":"closed","template":"","meta":{"_et_pb_use_builder":"on","_et_pb_old_content":"","_et_gb_content_width":"","footnotes":""},"class_list":["post-284","page","type-page","status-publish","hentry"],"_links":{"self":[{"href":"https:\/\/clinpharmacolgroup.es\/ipharmgx\/wp-json\/wp\/v2\/pages\/284","targetHints":{"allow":["GET"]}}],"collection":[{"href":"https:\/\/clinpharmacolgroup.es\/ipharmgx\/wp-json\/wp\/v2\/pages"}],"about":[{"href":"https:\/\/clinpharmacolgroup.es\/ipharmgx\/wp-json\/wp\/v2\/types\/page"}],"author":[{"embeddable":true,"href":"https:\/\/clinpharmacolgroup.es\/ipharmgx\/wp-json\/wp\/v2\/users\/1"}],"replies":[{"embeddable":true,"href":"https:\/\/clinpharmacolgroup.es\/ipharmgx\/wp-json\/wp\/v2\/comments?post=284"}],"version-history":[{"count":5,"href":"https:\/\/clinpharmacolgroup.es\/ipharmgx\/wp-json\/wp\/v2\/pages\/284\/revisions"}],"predecessor-version":[{"id":296,"href":"https:\/\/clinpharmacolgroup.es\/ipharmgx\/wp-json\/wp\/v2\/pages\/284\/revisions\/296"}],"wp:attachment":[{"href":"https:\/\/clinpharmacolgroup.es\/ipharmgx\/wp-json\/wp\/v2\/media?parent=284"}],"curies":[{"name":"wp","href":"https:\/\/api.w.org\/{rel}","templated":true}]}}