{"id":298,"date":"2024-09-18T06:05:21","date_gmt":"2024-09-18T06:05:21","guid":{"rendered":"https:\/\/clinpharmacolgroup.es\/ipharmgx\/?page_id=298"},"modified":"2024-09-18T08:29:40","modified_gmt":"2024-09-18T08:29:40","slug":"curso-de-farmacogenetica","status":"publish","type":"page","link":"https:\/\/clinpharmacolgroup.es\/ipharmgx\/curso-de-farmacogenetica\/","title":{"rendered":"Curso de Farmacogen\u00e9tica"},"content":{"rendered":"<p>[et_pb_section fb_built=\u00bb1&#8243; admin_label=\u00bbJoin Now Call to Action\u00bb _builder_version=\u00bb4.19.4&#8243; use_background_color_gradient=\u00bbon\u00bb background_color_gradient_direction=\u00bb105deg\u00bb background_color_gradient_stops=\u00bb#132bc6 0%|#22aee5 100%\u00bb background_color_gradient_start=\u00bb#1bb3eb\u00bb background_color_gradient_end=\u00bb#25efcb\u00bb background_image=\u00bbhttps:\/\/clinpharmacolgroup.es\/ipharmgx\/wp-content\/uploads\/2022\/12\/fondocontact.jpg\u00bb background_blend=\u00bbmultiply\u00bb custom_margin=\u00bb|||\u00bb custom_padding=\u00bb60px|0px|60px|0px\u00bb locked=\u00bboff\u00bb global_colors_info=\u00bb{}\u00bb][et_pb_row _builder_version=\u00bb4.16&#8243; global_colors_info=\u00bb{}\u00bb][et_pb_column type=\u00bb4_4&#8243; _builder_version=\u00bb4.16&#8243; custom_padding=\u00bb|||\u00bb global_colors_info=\u00bb{}\u00bb custom_padding__hover=\u00bb|||\u00bb][et_pb_text _builder_version=\u00bb4.25.1&#8243; text_font=\u00bbPoppins||||||||\u00bb text_text_color=\u00bbrgba(255,255,255,0.8)\u00bb text_font_size=\u00bb18px\u00bb text_line_height=\u00bb1.8em\u00bb header_font=\u00bbPoppins|600|||||||\u00bb header_text_color=\u00bb#ffffff\u00bb header_font_size=\u00bb48px\u00bb header_line_height=\u00bb1.4em\u00bb header_3_font=\u00bbPoppins|600|||||||\u00bb header_3_font_size=\u00bb36px\u00bb header_3_line_height=\u00bb1.4em\u00bb background_layout=\u00bbdark\u00bb max_width=\u00bb600px\u00bb module_alignment=\u00bbleft\u00bb custom_margin=\u00bb|178px||||\u00bb global_colors_info=\u00bb{}\u00bb]<\/p>\n<h1>Curso de Farmacogen\u00e9tica en la Pr\u00e1ctica Cl\u00ednica<\/h1>\n<p><strong>Un curso que nace de iPharmGx. Clases elaboradas por investigadores del proyecto.<\/strong><strong><\/strong><\/p>\n<p><strong>PROXIMA EDICI\u00d3N DEL CURSO:<\/strong><\/p>\n<p>Del 1 de enero 2025 al 30 de junio de 2025\u00a0<strong><\/strong><\/p>\n<p><strong> <\/strong><\/p>\n<p><strong><\/strong><\/p>\n<p>[\/et_pb_text][\/et_pb_column][\/et_pb_row][\/et_pb_section][et_pb_section fb_built=\u00bb1&#8243; _builder_version=\u00bb4.25.1&#8243; _module_preset=\u00bbdefault\u00bb use_background_color_gradient=\u00bbon\u00bb background_color_gradient_stops=\u00bbrgba(43,135,218,0) 0%|rgba(50,239,214,0.27) 100%\u00bb custom_padding=\u00bb0px|||||\u00bb global_colors_info=\u00bb{}\u00bb][et_pb_row _builder_version=\u00bb4.25.1&#8243; _module_preset=\u00bbdefault\u00bb custom_padding=\u00bb25px|||||\u00bb global_colors_info=\u00bb{}\u00bb][et_pb_column type=\u00bb4_4&#8243; _builder_version=\u00bb4.25.1&#8243; _module_preset=\u00bbdefault\u00bb global_colors_info=\u00bb{}\u00bb][et_pb_image src=\u00bbhttps:\/\/clinpharmacolgroup.es\/ipharmgx\/wp-content\/uploads\/2024\/09\/Cartel-Farmacogenetica-UAM-FUTURA3a-Edicion-_web.jpg\u00bb title_text=\u00bbCartel-Farmacogenetica-UAM&#8212;FUTURA3a-Edicion-_web\u00bb _builder_version=\u00bb4.27.0&#8243; _module_preset=\u00bbdefault\u00bb global_colors_info=\u00bb{}\u00bb][\/et_pb_image][\/et_pb_column][\/et_pb_row][\/et_pb_section][et_pb_section fb_built=\u00bb1&#8243; _builder_version=\u00bb4.19.4&#8243; _module_preset=\u00bbdefault\u00bb global_colors_info=\u00bb{}\u00bb][et_pb_row _builder_version=\u00bb4.19.4&#8243; _module_preset=\u00bbdefault\u00bb global_colors_info=\u00bb{}\u00bb][et_pb_column type=\u00bb4_4&#8243; _builder_version=\u00bb4.19.4&#8243; _module_preset=\u00bbdefault\u00bb global_colors_info=\u00bb{}\u00bb][et_pb_text _builder_version=\u00bb4.27.0&#8243; _module_preset=\u00bbdefault\u00bb global_colors_info=\u00bb{}\u00bb]<\/p>\n<h3 class=\"contenido_noticia_h3\">Introducci\u00f3n\/Objetivos<\/h3>\n<p>El curso tiene como objetivo formar a los investigadores y coinvestigadores cl\u00ednicos en la aplicaci\u00f3n cl\u00ednica de la farmacogen\u00e9tica.<\/p>\n<p>La respuesta variable a los f\u00e1rmacos se debe a muchos factores. La farmacogen\u00e9tica es la disciplina que estudia las variaciones en la secuencia de ADN que se relacionan con la respuesta a los f\u00e1rmacos. En el curso se da a conocer la importancia de la FGx, las barreras de su uso y la importancia de su difusi\u00f3n como herramienta para la personalizaci\u00f3n de tratamientos farmacol\u00f3gicos.<br \/>Este curso est\u00e1 acreditado por el Centro de Formaci\u00f3n Continua de la Universidad Aut\u00f3noma de Madrid con 3 ECTS.\u00a0<\/p>\n<h3 class=\"contenido_noticia_h3\">C\u00f3mo est\u00e1 organizado<\/h3>\n<p>Los alumnos desarrollar\u00e1n el curso en l\u00ednea y podr\u00e1n acceder a cada uno de los temas de acuerdo a sus propias necesidades y disponibilidad, en cualquier momento del d\u00eda. Durante las 24 horas y 7 d\u00edas a la semana.<\/p>\n<p>El material docente est\u00e1 organizado en 23 temas. En cada uno de ellos se incluye la parte te\u00f3rica y al final de la parte te\u00f3rica se puede encontrar la bibliograf\u00eda utilizada. En algunos temas se incluyen casos cl\u00ednicos explicativos que aclaran conceptos y en otros est\u00e1n formulados a modo de ejercicio para que el alumno ponga en pr\u00e1ctica lo aprendido.\u00a0<\/p>\n<p>Existe tambi\u00e9n disponible una tutor\u00eda mediante correo electr\u00f3nico (antonio.carcas@uam.es), de respuesta r\u00e1pida, no inmediata, en la que los profesores podr\u00e1n atender las preguntas formuladas por los alumnos.<\/p>\n<p>El curso est\u00e1 dirigido por el Profesor Antonio Carcas, del Departamento de Farmacolog\u00eda y Terap\u00e9utica de la Facultad de Medicina de la Universidad Aut\u00f3noma de Madrid (UAM).\u00a0<\/p>\n<p>El curso es en espa\u00f1ol.<\/p>\n<h3 class=\"contenido_noticia_h3\">Temario<\/h3>\n<p>El curso est\u00e1 organizado en 23 Temas. Todos los temas, as\u00ed como el ex\u00e1men, est\u00e1n disponibles en l\u00ednea mediante la herramienta de aprendizaje a distancia \u201ce-learning Moodle\u201d, en la p\u00e1gina de ense\u00f1anza virtual de la UAM.<\/p>\n<p><strong>Tema 1 Importancia de la formaci\u00f3n y la difusi\u00f3n de la Farmacogen\u00e9tica.<span>\u00a0<\/span><\/strong>Contenido<strong>:<\/strong><\/p>\n<ul>\n<li>Barreras en la implementaci\u00f3n de la farmacogen\u00e9tica.<\/li>\n<li>La formaci\u00f3n en farmacogen\u00e9tica.<\/li>\n<li>Importancia de la difusi\u00f3n de la farmacogen\u00e9tica como herramienta para la personalizaci\u00f3n del tratamiento farmacol\u00f3gico<\/li>\n<\/ul>\n<p><strong>Tema 2 El Genoma Humano.<span>\u00a0<\/span><\/strong>Contenido<strong>:<\/strong><\/p>\n<ul>\n<li>Estructura y caracter\u00edsticas del ADN.<\/li>\n<li>Estructura del gen.<\/li>\n<li>Funci\u00f3n del ADN.<\/li>\n<\/ul>\n<p><strong>Tema 3 Conceptos b\u00e1sicos e introducci\u00f3n a la farmacogen\u00e9tica. Variabilidad Gen\u00e9tica: su relevancia en la variabilidad en la respuesta a los f\u00e1rmacos.<span>\u00a0<\/span><\/strong>Contenido<strong>:<\/strong><\/p>\n<ul>\n<li>La importancia de la farmacogen\u00e9tica como fuente de variabilidad en la respuesta a los f\u00e1rmacos.<\/li>\n<li>Clasificaci\u00f3n de las variantes. Nomenclatura de las variantes<\/li>\n<li>Single nucleotide polymorphisms (SNPs)<\/li>\n<li>Concepto de desequilibrio de ligamiento y haplotipo<\/li>\n<li>Copy number variants<\/li>\n<li>Variantes cromos\u00f3micas estructurales.<\/li>\n<li>Epigen\u00e9tica como mecanismo de variabilidad<\/li>\n<\/ul>\n<p><strong>Tema 4. T\u00e9cnicas de genotipado en farmacogen\u00e9tica: ventajas e inconvenientes.<span>\u00a0<\/span><\/strong>Contenido<strong>:<\/strong><\/p>\n<ul>\n<li>Secuenciaci\u00f3n masiva paralela de ADN (NGS)<\/li>\n<li>Microarrays de SNPS<\/li>\n<li>Secuenciaci\u00f3n con sondas TAQMAN\u00ae<\/li>\n<\/ul>\n<p><strong>Tema 5. La validaci\u00f3n de biomarcadores farmacogen\u00e9ticos.<span>\u00a0<\/span><\/strong>Contenido<strong>:<\/strong><\/p>\n<ul>\n<li>Fases en el desarrollo de biomarcadores: descubrimiento, validaci\u00f3n interna y validaci\u00f3n externa.<\/li>\n<li>Dise\u00f1os para la evaluaci\u00f3n de la eficacia, efectividad y eficiencia del uso de biomarcadores farmacogen\u00e9ticos.<\/li>\n<\/ul>\n<p><strong>Tema 6. Regulaci\u00f3n de la Implementaci\u00f3n de la Farmacogen\u00e9tica.<span>\u00a0<\/span><\/strong>Contenido<strong>:<\/strong><\/p>\n<ul>\n<li>La farmacogen\u00e9tica en la evaluaci\u00f3n y autorizaci\u00f3n de los medicamentos.<\/li>\n<li>La informaci\u00f3n farmacogen\u00e9tica en los informes de evaluaci\u00f3n y ficha t\u00e9cnica de los medicamentos<\/li>\n<\/ul>\n<p><strong>Tema 7. Gu\u00edas de Pr\u00e1ctica Cl\u00ednica en Farmacogen\u00e9tica.<span>\u00a0<\/span><\/strong>Contenido<strong>:<\/strong><\/p>\n<ul>\n<li>PharmGKB<\/li>\n<li>CPIC<\/li>\n<\/ul>\n<p><strong>Tema 8. La farmacogen\u00e9tica y las interacciones farmacol\u00f3gicas.<span>\u00a0<\/span><\/strong>Contenido<strong>:<\/strong><\/p>\n<ul>\n<li>Impacto del conocimiento de las variantes farmacogen\u00e9ticas en la prevenci\u00f3n y manejo de las interacciones farmacol\u00f3gicas.<\/li>\n<li>Relevancia del genotipado anticipado para el manejo de las interacciones farmacol\u00f3gicas<\/li>\n<li>Ejemplos de aplicaci\u00f3n pr\u00e1ctica de esta informaci\u00f3n.<\/li>\n<\/ul>\n<p><strong>Tema 9. La interacci\u00f3n de la farmacogen\u00e9tica y la farmacocin\u00e9tica cl\u00ednica en la personalizaci\u00f3n del tratamiento farmacol\u00f3gico.<span>\u00a0<\/span><\/strong>Contenido<strong>:<\/strong><\/p>\n<ul>\n<li>Impacto de la farmacogen\u00e9tica en la variabilidad farmacocin\u00e9tica.<\/li>\n<li>Gu\u00eda para el uso conjunto de biomarcadores farmacocin\u00e9ticos y farmacogen\u00e9ticos.<\/li>\n<li>Ejemplos<\/li>\n<\/ul>\n<p><strong>Tema 10. Implementaci\u00f3n de la Farmacogen\u00e9tica en los Hospital Universitarios La Paz y La Princesa.<span>\u00a0<\/span><\/strong>Contenido<strong>:<\/strong><\/p>\n<ul>\n<li>Implementaci\u00f3n en el Hospital La Paz<\/li>\n<li>Actividad de las Unidades de Farmacogen\u00e9tica.<\/li>\n<\/ul>\n<p><strong>Tema 11. Farmacogen\u00e9tica y Monitorizaci\u00f3n Terap\u00e9utica de Voriconazol.<span>\u00a0<\/span><\/strong>Contenido<strong>:<\/strong><\/p>\n<ul>\n<li>Genes y mutaciones implicadas en la respuesta a MTX<\/li>\n<li>Evidencias de estos biomarcadores.<\/li>\n<li>Recomendaciones y gu\u00edas de pr\u00e1ctica cl\u00ednica.<\/li>\n<li>Interacci\u00f3n de la PhGx y la MTF en la personalizaci\u00f3n del tratamiento con voriconazol y otros antif\u00fangicos.<\/li>\n<li>Ejemplos<\/li>\n<\/ul>\n<p><strong>Tema12. Farmacogen\u00e9tica y monitorizaci\u00f3n de metotrexate (MTX).<span>\u00a0<\/span><\/strong>Contenido<strong>:<\/strong><\/p>\n<ul>\n<li>Genes y mutaciones implicadas en la respuesta a MTX<\/li>\n<li>Evidencias de estos biomarcadores<\/li>\n<li>Recomendaciones y gu\u00edas de pr\u00e1ctica cl\u00ednica.<\/li>\n<li>Genes y mutaciones implicadas en la respuesta a MTX<\/li>\n<li>Ejemplos<\/li>\n<\/ul>\n<p><strong>Tema13. Aplicaci\u00f3n de la farmacogen\u00e9tica al tratamiento del paciente con dolor cr\u00f3nico.<span>\u00a0<\/span><\/strong>Contenido<strong>:<\/strong><\/p>\n<ul>\n<li>Genes y mutaciones implicadas en la respuesta a analg\u00e9sicos<\/li>\n<li>Evidencias de estos biomarcadores<\/li>\n<li>Recomendaciones y gu\u00edas de pr\u00e1ctica cl\u00ednica.<\/li>\n<li>Ejemplos<\/li>\n<\/ul>\n<p><strong>Tema 14. Farmacogen\u00e9tica de los Antineopl\u00e1sicos Irinotecan y Fluoropirimidinas.<\/strong>Contenido<strong>:<\/strong><\/p>\n<ul>\n<li>Genes y mutaciones implicados en la respuesta a los f\u00e1rmacos en la EIII.<\/li>\n<li>Evidencias de estos biomarcadores<\/li>\n<li>Recomendaciones y GPC<\/li>\n<li>Ejemplos.<\/li>\n<\/ul>\n<p><strong>Tema 15. Farmacogen\u00e9tica TPMT en Enfermedad Inflamatoria Intestinal y autoinmunes.<span>\u00a0<\/span><\/strong>Contenido<strong>:<\/strong><\/p>\n<ul>\n<li>Genes y mutaciones implicados en la respuesta a los f\u00e1rmacos en la EIII.<\/li>\n<li>Evidencias de estos biomarcadores<\/li>\n<li>Recomendaciones y GPC<\/li>\n<li>Ejemplos.<\/li>\n<\/ul>\n<p><strong>Tema 16. Farmacogen\u00e9tica TPMT en Enfermedades dermatol\u00f3gicas.<span>\u00a0<\/span><\/strong>Contenido<strong>:<\/strong><\/p>\n<ul>\n<li>Genes y mutaciones implicados en la respuesta a los f\u00e1rmacos en dermopat\u00edas.<\/li>\n<li>Evidencias de estos biomarcadores<\/li>\n<li>Recomendaciones y GPC<\/li>\n<li>Ejemplos.<\/li>\n<\/ul>\n<p><strong>Tema 17. Farmacogen\u00e9tica en la inmunosupresi\u00f3n del trasplante.<span>\u00a0<\/span><\/strong>Contenido<strong>:<\/strong><\/p>\n<ul>\n<li>Conocer las bases gen\u00e9ticas relacionadas con la respuesta a los inmunosupresores y su utilidad cl\u00ednica.<\/li>\n<li>Genes y mutaciones implicadas en la respuesta a f\u00e1rmacos inmunosupresores<\/li>\n<li>Evidencias de estos biomarcadores.<\/li>\n<li>Recomendaciones y gu\u00edas de pr\u00e1ctica cl\u00ednica.<\/li>\n<li>Interacci\u00f3n de la PhGx y la MTF en la personalizaci\u00f3n del tratamiento inmunosupresor en el trasplante.<\/li>\n<li>Ejemplos de aplicaci\u00f3n pr\u00e1ctica de esta informaci\u00f3n.<\/li>\n<\/ul>\n<p><strong>Tema18. Farmacogen\u00e9tica de las estatinas.<span>\u00a0<\/span><\/strong>Contenido<strong>:<\/strong><\/p>\n<ul>\n<li>Conocer las bases gen\u00e9ticas relacionadas con la toxicidad asociada las estatinas y otros hipolipemiantes su utilidad cl\u00ednica.<\/li>\n<li>Genes y mutaciones implicadas en la respuesta a f\u00e1rmacos hipolipemiantes<\/li>\n<li>Evidencias de estos biomarcadores<\/li>\n<li>Recomendaciones y gu\u00edas de pr\u00e1ctica cl\u00ednica.<\/li>\n<li>Ejemplos de aplicaci\u00f3n pr\u00e1ctica de esta informaci\u00f3n.<\/li>\n<\/ul>\n<p><strong>Tema 19. Farmacogen\u00e9tica en el tratamiento del paciente con depresi\u00f3n.<span>\u00a0<\/span><\/strong>Contenido<strong>:<\/strong><\/p>\n<ul>\n<li>Genes y mutaciones implicadas en la respuesta a los antidepresivos<\/li>\n<li>Evidencias de estos biomarcadores<\/li>\n<li>Recomendaciones y gu\u00edas de pr\u00e1ctica cl\u00ednica.<\/li>\n<li>Ejemplos de aplicaci\u00f3n pr\u00e1ctica de esta informaci\u00f3n.<\/li>\n<\/ul>\n<p><strong>Tema 20. Utilidad de la farmacogen\u00e9tica en la prevenci\u00f3n de las reacciones adversas de medicamentos.<span>\u00a0<\/span><\/strong>Contenido<strong>:<\/strong><\/p>\n<ul>\n<li>Genes y mutaciones relacionados con la aparici\u00f3n de reacciones adversas a medicamentos.<\/li>\n<li>Evidencias de la causa gen\u00e9tica en la hipersensibilidad a los f\u00e1rmacos y sus excipientes.<\/li>\n<li>Recomendaciones y gu\u00edas de pr\u00e1ctica cl\u00ednica.<\/li>\n<li>Ejemplos de aplicaci\u00f3n pr\u00e1ctica de esta informaci\u00f3n.<\/li>\n<\/ul>\n<p><strong>Tema 21. Coste-efectividad de la farmacogen\u00e9tica: Metodolog\u00eda y evidencias actuales.<span>\u00a0<\/span><\/strong>Contenido<strong>:<\/strong><\/p>\n<ul>\n<li>El an\u00e1lisis econ\u00f3mico de la farmacogen\u00e9tica cl\u00ednica: tipos de an\u00e1lisis y requisitos metodol\u00f3gicos para su realizaci\u00f3n.<\/li>\n<li>Revisi\u00f3n cr\u00edtica de las evidencias del coste-efectividad de la farmacogen\u00e9tica en situaciones cl\u00ednicas concretas<\/li>\n<\/ul>\n<p><strong>Tema 22. Farmacogen\u00e9tica de los inhibidores de la bomba de protones (IBPs).<span>\u00a0<\/span><\/strong>Contenido<\/p>\n<ul>\n<li>Genes y mutaciones implicadas en la respuesta a IBPs.<\/li>\n<li>Evidencias de estos biomarcadores<\/li>\n<li>Recomendaciones y gu\u00edas de pr\u00e1ctica cl\u00ednica.<\/li>\n<li>Ejemplos de aplicaci\u00f3n pr\u00e1ctica en patolog\u00edas digestivas.<\/li>\n<\/ul>\n<p><strong>Tema 23. Farmacogen\u00e9tica de los antiagregantes y anticoagulantes.<span>\u00a0<\/span><\/strong>Contenido<strong>.<\/strong><\/p>\n<ul>\n<li>Genes y mutaciones implicadas en la respuesta a f\u00e1rmacos antiagregantes y anticoagulantes<\/li>\n<li>Evidencias de estos biomarcadores<\/li>\n<li>Recomendaciones y gu\u00edas de pr\u00e1ctica cl\u00ednica<\/li>\n<\/ul>\n<h3 class=\"contenido_noticia_h3\">A qui\u00e9n va dirigido<\/h3>\n<p>No se plantean requisitos previos para la participaci\u00f3n y tampoco ning\u00fan criterio de selecci\u00f3n, est\u00e1 enfocado a investigadores y coinvestigadores cl\u00ednicos en la aplicaci\u00f3n cl\u00ednica de la farmacogen\u00e9tica.<\/p>\n<h3 class=\"contenido_noticia_h3\">Evaluaci\u00f3n \/ Ex\u00e1menes<\/h3>\n<p>Los alumnos ser\u00e1n evaluados mediante ex\u00e1menes online enfocados a explorar los aspectos m\u00e1s relevantes del curso.<\/p>\n<p>El examen deber\u00e1 ser superado con una puntuaci\u00f3n del 80 % de respuestas correctas para obtener el certificado. Los alumnos disponen de 3 intentos para completar el examen.<\/p>\n<h3 class=\"contenido_noticia_h3\">C\u00f3mo matricularse<\/h3>\n<p>Quienes deseen desarrollar el curso deben matricularse a trav\u00e9s de la p\u00e1gina web de la<span>\u00a0<\/span><a href=\"https:\/\/matriculas.fuam.es\/matriculauam\/LoginAlumno.action\" target=\"_blank\" rel=\"noopener\">Fundaci\u00f3n de la UAM<\/a>. El curso esta acreditado durante un periodo de tiempo dentro del cual los alumnos pueden matricularse e iniciarlo en cualquier momento.<br \/>Matr\u00edcula 300 \u20ac Alumnos UAM con matr\u00edcula en vigor, AlumniUAM+, AlumniUAM+ Plus y Amigos de la UAM :\u00a0270 \u20ac.<\/p>\n<h3 class=\"contenido_noticia_h3\">Plazas ofertadas<\/h3>\n<p>M\u00e1ximo 30 plazas.<\/p>\n<p>Se adjudica una beca cada 10 estudiantes matriculados.<\/p>\n<p>Se primar\u00e1 al personal en formaci\u00f3n en la Facultad de Medicina de la UAM y a los m\u00e9dicos residentes de los hospitales universitarios de la UAM.<\/p>\n<p><strong>**<\/strong>Para solicitar una beca debe ponerse en contacto con la coordinadora del curso:<span>\u00a0<\/span><a href=\"mailto:blanca.duque@inv.uam.es\">blanca.duque@inv.uam.es<\/a><\/p>\n<p>[\/et_pb_text][et_pb_button button_url=\u00bbhttps:\/\/www.uam.es\/Medicina\/curso-de-farmacogenetica-en-la-practica-clinica\/1446841722803.htm?language=es&#038;nodepath=Curso%20de%20Farmacogen%C3%A9tica%20en%20la%20Pr%C3%A1ctica%20Cl%C3%ADnica\u00bb button_text=\u00bbInscribirse en el curso\u00bb button_alignment=\u00bbright\u00bb _builder_version=\u00bb4.27.0&#8243; _module_preset=\u00bbdefault\u00bb custom_button=\u00bbon\u00bb button_text_color=\u00bb#FFFFFF\u00bb button_bg_color=\u00bb#0C71C3&#8243; button_border_width=\u00bb1px\u00bb button_border_color=\u00bb#0C71C3&#8243; custom_padding=\u00bb|100px||100px|false|false\u00bb global_colors_info=\u00bb{}\u00bb][\/et_pb_button][\/et_pb_column][\/et_pb_row][\/et_pb_section][et_pb_section fb_built=\u00bb1&#8243; _builder_version=\u00bb4.19.4&#8243; _module_preset=\u00bbdefault\u00bb background_color=\u00bb#00a8ea\u00bb use_background_color_gradient=\u00bbon\u00bb background_color_gradient_direction=\u00bb123deg\u00bb background_color_gradient_stops=\u00bbrgba(0,236,244,0.94) 1%|#1c338e 76%\u00bb global_module=\u00bb36&#8243; saved_tabs=\u00bball\u00bb global_colors_info=\u00bb{}\u00bb][et_pb_row column_structure=\u00bb1_3,1_3,1_3&#8243; _builder_version=\u00bb4.19.4&#8243; _module_preset=\u00bbdefault\u00bb global_colors_info=\u00bb{}\u00bb][et_pb_column type=\u00bb1_3&#8243; _builder_version=\u00bb4.19.4&#8243; _module_preset=\u00bbdefault\u00bb global_colors_info=\u00bb{}\u00bb][et_pb_image src=\u00bbhttps:\/\/clinpharmacolgroup.es\/ipharmgx\/wp-content\/uploads\/2023\/01\/logoWhite.png\u00bb title_text=\u00bblogoWhite\u00bb _builder_version=\u00bb4.19.4&#8243; _module_preset=\u00bbdefault\u00bb global_colors_info=\u00bb{}\u00bb][\/et_pb_image][\/et_pb_column][et_pb_column type=\u00bb1_3&#8243; _builder_version=\u00bb4.19.4&#8243; _module_preset=\u00bbdefault\u00bb global_colors_info=\u00bb{}\u00bb][et_pb_text _builder_version=\u00bb4.19.4&#8243; _module_preset=\u00bbdefault\u00bb text_text_color=\u00bb#FFFFFF\u00bb global_colors_info=\u00bb{}\u00bb]<\/p>\n<p><strong>Coordinaci\u00f3n t\u00e9cnica del Ensayo:<\/strong><\/p>\n<p>Dr. Alberto M. Borobia<\/p>\n<p><b>Subcoordinador del proyecto<\/b><\/p>\n<p>Dr. Antonio J Carcas Sansu\u00e1n<\/p>\n<p><b>Gestor del proyecto<\/b><\/p>\n<p>Stefan Stewart<\/p>\n<p>&nbsp;<\/p>\n<p>[\/et_pb_text][\/et_pb_column][et_pb_column type=\u00bb1_3&#8243; _builder_version=\u00bb4.19.4&#8243; _module_preset=\u00bbdefault\u00bb global_colors_info=\u00bb{}\u00bb][et_pb_text _builder_version=\u00bb4.19.4&#8243; _module_preset=\u00bbdefault\u00bb text_text_color=\u00bb#FFFFFF\u00bb global_colors_info=\u00bb{}\u00bb]<\/p>\n<p><strong>Hospital Universitario La Paz<\/strong><\/p>\n<p>Servicio de Farmacolog\u00eda Cl\u00ednica \u2013 UCICEC<\/p>\n<p>&nbsp;<\/p>\n<p>[\/et_pb_text][\/et_pb_column][\/et_pb_row][et_pb_row _builder_version=\u00bb4.19.4&#8243; _module_preset=\u00bbdefault\u00bb global_colors_info=\u00bb{}\u00bb][et_pb_column type=\u00bb4_4&#8243; _builder_version=\u00bb4.19.4&#8243; _module_preset=\u00bbdefault\u00bb global_colors_info=\u00bb{}\u00bb][et_pb_text _builder_version=\u00bb4.19.4&#8243; _module_preset=\u00bbdefault\u00bb text_text_color=\u00bb#FFFFFF\u00bb global_colors_info=\u00bb{}\u00bb]<\/p>\n<p><span>\u00a9 Copyright 2023\u00a0\u00a0\u00a0|\u00a0\u00a0\u00a0iPharmGx Todos los derechos reservados<\/span><\/p>\n<p>[\/et_pb_text][\/et_pb_column][\/et_pb_row][\/et_pb_section]<\/p>\n","protected":false},"excerpt":{"rendered":"<p>Curso de Farmacogen\u00e9tica en la Pr\u00e1ctica Cl\u00ednica Un curso que nace de iPharmGx. Clases elaboradas por investigadores del proyecto. PROXIMA EDICI\u00d3N DEL CURSO: Del 1 de enero 2025 al 30 de junio de 2025\u00a0 Introducci\u00f3n\/Objetivos El curso tiene como objetivo formar a los investigadores y coinvestigadores cl\u00ednicos en la aplicaci\u00f3n cl\u00ednica de la farmacogen\u00e9tica. La [&hellip;]<\/p>\n","protected":false},"author":1,"featured_media":0,"parent":0,"menu_order":0,"comment_status":"closed","ping_status":"closed","template":"","meta":{"_et_pb_use_builder":"on","_et_pb_old_content":"","_et_gb_content_width":"","footnotes":""},"class_list":["post-298","page","type-page","status-publish","hentry"],"_links":{"self":[{"href":"https:\/\/clinpharmacolgroup.es\/ipharmgx\/wp-json\/wp\/v2\/pages\/298","targetHints":{"allow":["GET"]}}],"collection":[{"href":"https:\/\/clinpharmacolgroup.es\/ipharmgx\/wp-json\/wp\/v2\/pages"}],"about":[{"href":"https:\/\/clinpharmacolgroup.es\/ipharmgx\/wp-json\/wp\/v2\/types\/page"}],"author":[{"embeddable":true,"href":"https:\/\/clinpharmacolgroup.es\/ipharmgx\/wp-json\/wp\/v2\/users\/1"}],"replies":[{"embeddable":true,"href":"https:\/\/clinpharmacolgroup.es\/ipharmgx\/wp-json\/wp\/v2\/comments?post=298"}],"version-history":[{"count":7,"href":"https:\/\/clinpharmacolgroup.es\/ipharmgx\/wp-json\/wp\/v2\/pages\/298\/revisions"}],"predecessor-version":[{"id":319,"href":"https:\/\/clinpharmacolgroup.es\/ipharmgx\/wp-json\/wp\/v2\/pages\/298\/revisions\/319"}],"wp:attachment":[{"href":"https:\/\/clinpharmacolgroup.es\/ipharmgx\/wp-json\/wp\/v2\/media?parent=298"}],"curies":[{"name":"wp","href":"https:\/\/api.w.org\/{rel}","templated":true}]}}